{"id":2812,"date":"2016-10-26T17:59:22","date_gmt":"2016-10-26T17:59:22","guid":{"rendered":"http:\/\/toposatelier.com\/?page_id=2812"},"modified":"2016-10-26T17:59:22","modified_gmt":"2016-10-26T17:59:22","slug":"casa-na-foz","status":"publish","type":"page","link":"https:\/\/toposatelier.com\/fr\/casa-na-foz\/","title":{"rendered":"Maison \u00e0 Foz do Douro"},"content":{"rendered":"<div id='gallery-0' class='gallery galleryid-2812 gallery-columns-2 gallery-size-medium-size'><figure class='gallery-item'>\n\t\t\t<div class='gallery-icon landscape'>\n\t\t\t\t<a data-title=\"Topos Atelier de Arquitectura - Casa na Foz (1)\" data-alt=\"\" href='https:\/\/toposatelier.com\/wp-content\/uploads\/2016\/06\/topos-atelier-de-arquitectura-casa-na-foz-1.jpg'><img width=\"800\" height=\"532\" src=\"https:\/\/toposatelier.com\/wp-content\/uploads\/2016\/06\/topos-atelier-de-arquitectura-casa-na-foz-1-800x532.jpg\" class=\"attachment-medium-size size-medium-size\" alt=\"\" decoding=\"async\" loading=\"lazy\" srcset=\"https:\/\/toposatelier.com\/wp-content\/uploads\/2016\/06\/topos-atelier-de-arquitectura-casa-na-foz-1-800x532.jpg 800w, https:\/\/toposatelier.com\/wp-content\/uploads\/2016\/06\/topos-atelier-de-arquitectura-casa-na-foz-1-600x399.jpg 600w, https:\/\/toposatelier.com\/wp-content\/uploads\/2016\/06\/topos-atelier-de-arquitectura-casa-na-foz-1-300x200.jpg 300w, https:\/\/toposatelier.com\/wp-content\/uploads\/2016\/06\/topos-atelier-de-arquitectura-casa-na-foz-1-768x511.jpg 768w, https:\/\/toposatelier.com\/wp-content\/uploads\/2016\/06\/topos-atelier-de-arquitectura-casa-na-foz-1-385x256.jpg 385w, https:\/\/toposatelier.com\/wp-content\/uploads\/2016\/06\/topos-atelier-de-arquitectura-casa-na-foz-1-400x266.jpg 400w, https:\/\/toposatelier.com\/wp-content\/uploads\/2016\/06\/topos-atelier-de-arquitectura-casa-na-foz-1.jpg 900w\" sizes=\"(max-width: 800px) 100vw, 800px\" \/><\/a>\n\t\t\t<\/div><\/figure><figure class='gallery-item'>\n\t\t\t<div class='gallery-icon landscape'>\n\t\t\t\t<a data-title=\"Topos Atelier de Arquitectura - Casa na Foz (2)\" data-alt=\"\" href='https:\/\/toposatelier.com\/wp-content\/uploads\/2016\/06\/topos-atelier-de-arquitectura-casa-na-foz-2-e1466076676228.jpg'><img width=\"800\" height=\"536\" src=\"https:\/\/toposatelier.com\/wp-content\/uploads\/2016\/06\/topos-atelier-de-arquitectura-casa-na-foz-2-e1466076676228-800x536.jpg\" class=\"attachment-medium-size size-medium-size\" alt=\"\" decoding=\"async\" loading=\"lazy\" srcset=\"https:\/\/toposatelier.com\/wp-content\/uploads\/2016\/06\/topos-atelier-de-arquitectura-casa-na-foz-2-e1466076676228-800x536.jpg 800w, https:\/\/toposatelier.com\/wp-content\/uploads\/2016\/06\/topos-atelier-de-arquitectura-casa-na-foz-2-e1466076676228-600x402.jpg 600w, https:\/\/toposatelier.com\/wp-content\/uploads\/2016\/06\/topos-atelier-de-arquitectura-casa-na-foz-2-e1466076676228-300x201.jpg 300w, https:\/\/toposatelier.com\/wp-content\/uploads\/2016\/06\/topos-atelier-de-arquitectura-casa-na-foz-2-e1466076676228-768x514.jpg 768w, https:\/\/toposatelier.com\/wp-content\/uploads\/2016\/06\/topos-atelier-de-arquitectura-casa-na-foz-2-e1466076676228-1024x686.jpg 1024w, https:\/\/toposatelier.com\/wp-content\/uploads\/2016\/06\/topos-atelier-de-arquitectura-casa-na-foz-2-e1466076676228-385x258.jpg 385w, https:\/\/toposatelier.com\/wp-content\/uploads\/2016\/06\/topos-atelier-de-arquitectura-casa-na-foz-2-e1466076676228-400x268.jpg 400w, https:\/\/toposatelier.com\/wp-content\/uploads\/2016\/06\/topos-atelier-de-arquitectura-casa-na-foz-2-e1466076676228.jpg 1198w\" sizes=\"(max-width: 800px) 100vw, 800px\" \/><\/a>\n\t\t\t<\/div><\/figure>\n\t\t<\/div>","protected":false},"excerpt":{"rendered":"<p>D\u00e9sol\u00e9, cet article est seulement disponible en portugais europ\u00e9en.<\/p>\n","protected":false},"author":1,"featured_media":0,"parent":0,"menu_order":0,"comment_status":"closed","ping_status":"closed","template":"","meta":[],"_links":{"self":[{"href":"https:\/\/toposatelier.com\/fr\/wp-json\/wp\/v2\/pages\/2812"}],"collection":[{"href":"https:\/\/toposatelier.com\/fr\/wp-json\/wp\/v2\/pages"}],"about":[{"href":"https:\/\/toposatelier.com\/fr\/wp-json\/wp\/v2\/types\/page"}],"author":[{"embeddable":true,"href":"https:\/\/toposatelier.com\/fr\/wp-json\/wp\/v2\/users\/1"}],"replies":[{"embeddable":true,"href":"https:\/\/toposatelier.com\/fr\/wp-json\/wp\/v2\/comments?post=2812"}],"version-history":[{"count":1,"href":"https:\/\/toposatelier.com\/fr\/wp-json\/wp\/v2\/pages\/2812\/revisions"}],"predecessor-version":[{"id":2813,"href":"https:\/\/toposatelier.com\/fr\/wp-json\/wp\/v2\/pages\/2812\/revisions\/2813"}],"wp:attachment":[{"href":"https:\/\/toposatelier.com\/fr\/wp-json\/wp\/v2\/media?parent=2812"}],"curies":[{"name":"wp","href":"https:\/\/api.w.org\/{rel}","templated":true}]}}