{"id":2802,"date":"2016-10-26T17:27:25","date_gmt":"2016-10-26T17:27:25","guid":{"rendered":"http:\/\/toposatelier.com\/?page_id=2802"},"modified":"2024-05-06T14:49:32","modified_gmt":"2024-05-06T14:49:32","slug":"casa-39","status":"publish","type":"page","link":"https:\/\/toposatelier.com\/fr\/casa-39\/","title":{"rendered":"Maison 39"},"content":{"rendered":"<div id='gallery-0' class='gallery galleryid-2802 gallery-columns-4 gallery-size-small-size-hard'><figure class='gallery-item'>\n\t\t\t<div class='gallery-icon landscape'>\n\t\t\t\t<a data-title=\"Topos Atelier de Arquitectura - Casa Lote 39 (1)\" data-alt=\"\" href='https:\/\/toposatelier.com\/wp-content\/uploads\/2016\/06\/topos-atelier-de-arquitectura-casa-lote-39-1.jpg'><img width=\"385\" height=\"385\" src=\"https:\/\/toposatelier.com\/wp-content\/uploads\/2016\/06\/topos-atelier-de-arquitectura-casa-lote-39-1-385x385.jpg\" class=\"attachment-small-size-hard size-small-size-hard\" alt=\"\" decoding=\"async\" loading=\"lazy\" srcset=\"https:\/\/toposatelier.com\/wp-content\/uploads\/2016\/06\/topos-atelier-de-arquitectura-casa-lote-39-1-385x385.jpg 385w, https:\/\/toposatelier.com\/wp-content\/uploads\/2016\/06\/topos-atelier-de-arquitectura-casa-lote-39-1-300x300.jpg 300w, https:\/\/toposatelier.com\/wp-content\/uploads\/2016\/06\/topos-atelier-de-arquitectura-casa-lote-39-1-100x100.jpg 100w, https:\/\/toposatelier.com\/wp-content\/uploads\/2016\/06\/topos-atelier-de-arquitectura-casa-lote-39-1-150x150.jpg 150w\" sizes=\"(max-width: 385px) 100vw, 385px\" \/><\/a>\n\t\t\t<\/div><\/figure><figure class='gallery-item'>\n\t\t\t<div class='gallery-icon landscape'>\n\t\t\t\t<a data-title=\"Topos Atelier de Arquitectura - Casa Lote 39 (3)\" data-alt=\"\" href='https:\/\/toposatelier.com\/wp-content\/uploads\/2016\/06\/topos-atelier-de-arquitectura-casa-lote-39-3-1.jpg'><img width=\"385\" height=\"385\" src=\"https:\/\/toposatelier.com\/wp-content\/uploads\/2016\/06\/topos-atelier-de-arquitectura-casa-lote-39-3-1-385x385.jpg\" class=\"attachment-small-size-hard size-small-size-hard\" alt=\"\" decoding=\"async\" loading=\"lazy\" srcset=\"https:\/\/toposatelier.com\/wp-content\/uploads\/2016\/06\/topos-atelier-de-arquitectura-casa-lote-39-3-1-385x385.jpg 385w, https:\/\/toposatelier.com\/wp-content\/uploads\/2016\/06\/topos-atelier-de-arquitectura-casa-lote-39-3-1-300x300.jpg 300w, https:\/\/toposatelier.com\/wp-content\/uploads\/2016\/06\/topos-atelier-de-arquitectura-casa-lote-39-3-1-100x100.jpg 100w, https:\/\/toposatelier.com\/wp-content\/uploads\/2016\/06\/topos-atelier-de-arquitectura-casa-lote-39-3-1-150x150.jpg 150w\" sizes=\"(max-width: 385px) 100vw, 385px\" \/><\/a>\n\t\t\t<\/div><\/figure><figure class='gallery-item'>\n\t\t\t<div class='gallery-icon landscape'>\n\t\t\t\t<a data-title=\"Topos Atelier de Arquitectura - Casa Lote 39 (4)\" data-alt=\"\" href='https:\/\/toposatelier.com\/wp-content\/uploads\/2016\/06\/topos-atelier-de-arquitectura-casa-lote-39-4-1.jpg'><img width=\"385\" height=\"385\" src=\"https:\/\/toposatelier.com\/wp-content\/uploads\/2016\/06\/topos-atelier-de-arquitectura-casa-lote-39-4-1-385x385.jpg\" class=\"attachment-small-size-hard size-small-size-hard\" alt=\"\" decoding=\"async\" loading=\"lazy\" srcset=\"https:\/\/toposatelier.com\/wp-content\/uploads\/2016\/06\/topos-atelier-de-arquitectura-casa-lote-39-4-1-385x385.jpg 385w, https:\/\/toposatelier.com\/wp-content\/uploads\/2016\/06\/topos-atelier-de-arquitectura-casa-lote-39-4-1-300x300.jpg 300w, https:\/\/toposatelier.com\/wp-content\/uploads\/2016\/06\/topos-atelier-de-arquitectura-casa-lote-39-4-1-100x100.jpg 100w, https:\/\/toposatelier.com\/wp-content\/uploads\/2016\/06\/topos-atelier-de-arquitectura-casa-lote-39-4-1-150x150.jpg 150w\" sizes=\"(max-width: 385px) 100vw, 385px\" \/><\/a>\n\t\t\t<\/div><\/figure><figure class='gallery-item'>\n\t\t\t<div class='gallery-icon portrait'>\n\t\t\t\t<a data-title=\"Topos Atelier de Arquitectura - Casa Lote 39 (2)\" data-alt=\"\" href='https:\/\/toposatelier.com\/wp-content\/uploads\/2016\/06\/topos-atelier-de-arquitectura-casa-lote-39-2-1.jpg'><img width=\"385\" height=\"385\" src=\"https:\/\/toposatelier.com\/wp-content\/uploads\/2016\/06\/topos-atelier-de-arquitectura-casa-lote-39-2-1-385x385.jpg\" class=\"attachment-small-size-hard size-small-size-hard\" alt=\"\" decoding=\"async\" loading=\"lazy\" srcset=\"https:\/\/toposatelier.com\/wp-content\/uploads\/2016\/06\/topos-atelier-de-arquitectura-casa-lote-39-2-1-385x385.jpg 385w, https:\/\/toposatelier.com\/wp-content\/uploads\/2016\/06\/topos-atelier-de-arquitectura-casa-lote-39-2-1-300x300.jpg 300w, https:\/\/toposatelier.com\/wp-content\/uploads\/2016\/06\/topos-atelier-de-arquitectura-casa-lote-39-2-1-100x100.jpg 100w, https:\/\/toposatelier.com\/wp-content\/uploads\/2016\/06\/topos-atelier-de-arquitectura-casa-lote-39-2-1-150x150.jpg 150w\" sizes=\"(max-width: 385px) 100vw, 385px\" \/><\/a>\n\t\t\t<\/div><\/figure>\n\t\t<\/div>\n\n<p style=\"text-align: center;\">Pour les 120 maisons des lotissements p\u00e9riph\u00e9riques du Golf de Ponte de Lima, en plus de ce qui \u00e9tait garanti par le projet officiel, furent \u00e9labor\u00e9s 4 projets types, un r\u00e8glement et construite une maison mod\u00e8le de mode \u00e0 exemplifier la mani\u00e8re de s\u2019implanter, la volum\u00e9trie d\u00e9sir\u00e9e et les mat\u00e9riaux pr\u00e9tendus.<br \/>\nL\u2019id\u00e9e \u00e9tait de motiver la cr\u00e9ation d\u2019un ensemble construit coh\u00e9rent capable de garantir, pour chaque habitant, la jouissance d\u2019un espace priv\u00e9 sans vis \u00e0 vis tout en b\u00e9n\u00e9ficiant des vues sur le Golf.<br \/>\nAvec l\u2019apparition des maisons, nous f\u00fbmes de surprises en surprises.<br \/>\nLa maison mod\u00e8le fut d\u00e9figur\u00e9e par son propri\u00e9taire.<br \/>\nMalgr\u00e9 la qualit\u00e9 de quelques maisons construites, l\u2019objectif principal \u2013 obtenir un ensemble unique et unitaire- fut d\u00e9natur\u00e9 par les \u00e9go\u00efsmes des expressions individuelles.<\/p>\n<h6>Photographies: XAVIER ANTUNES<\/h6>","protected":false},"excerpt":{"rendered":"<p>Pour les 120 maisons des lotissements p\u00e9riph\u00e9riques du Golf de Ponte de Lima, en plus de ce qui \u00e9tait garanti par le projet officiel, furent \u00e9labor\u00e9s 4 projets types, un r\u00e8glement et construite une maison mod\u00e8le de mode \u00e0 exemplifier la mani\u00e8re de s\u2019implanter, la volum\u00e9trie d\u00e9sir\u00e9e et les mat\u00e9riaux pr\u00e9tendus. L\u2019id\u00e9e \u00e9tait de motiver..<\/p>\n","protected":false},"author":1,"featured_media":0,"parent":0,"menu_order":0,"comment_status":"closed","ping_status":"closed","template":"","meta":[],"_links":{"self":[{"href":"https:\/\/toposatelier.com\/fr\/wp-json\/wp\/v2\/pages\/2802"}],"collection":[{"href":"https:\/\/toposatelier.com\/fr\/wp-json\/wp\/v2\/pages"}],"about":[{"href":"https:\/\/toposatelier.com\/fr\/wp-json\/wp\/v2\/types\/page"}],"author":[{"embeddable":true,"href":"https:\/\/toposatelier.com\/fr\/wp-json\/wp\/v2\/users\/1"}],"replies":[{"embeddable":true,"href":"https:\/\/toposatelier.com\/fr\/wp-json\/wp\/v2\/comments?post=2802"}],"version-history":[{"count":2,"href":"https:\/\/toposatelier.com\/fr\/wp-json\/wp\/v2\/pages\/2802\/revisions"}],"predecessor-version":[{"id":4302,"href":"https:\/\/toposatelier.com\/fr\/wp-json\/wp\/v2\/pages\/2802\/revisions\/4302"}],"wp:attachment":[{"href":"https:\/\/toposatelier.com\/fr\/wp-json\/wp\/v2\/media?parent=2802"}],"curies":[{"name":"wp","href":"https:\/\/api.w.org\/{rel}","templated":true}]}}