{"id":2797,"date":"2016-10-26T17:19:27","date_gmt":"2016-10-26T17:19:27","guid":{"rendered":"http:\/\/toposatelier.com\/?page_id=2797"},"modified":"2024-05-06T15:11:54","modified_gmt":"2024-05-06T15:11:54","slug":"casa-em-nogueiro","status":"publish","type":"page","link":"https:\/\/toposatelier.com\/fr\/casa-em-nogueiro\/","title":{"rendered":"Maison \u00e0 Nogueir\u00f3"},"content":{"rendered":"<div id='gallery-0' class='gallery galleryid-2797 gallery-columns-4 gallery-size-small-size-hard'><figure class='gallery-item'>\n\t\t\t<div class='gallery-icon landscape'>\n\t\t\t\t<a data-title=\"Topos Atelier de Arquitectura - Casa em Nogueir\u00f3 (1)\" data-alt=\"\" href='https:\/\/toposatelier.com\/wp-content\/uploads\/2016\/06\/topos-atelier-de-arquitectura-casa-em-nogueiro-1.jpg'><img width=\"385\" height=\"385\" src=\"https:\/\/toposatelier.com\/wp-content\/uploads\/2016\/06\/topos-atelier-de-arquitectura-casa-em-nogueiro-1-385x385.jpg\" class=\"attachment-small-size-hard size-small-size-hard\" alt=\"\" decoding=\"async\" loading=\"lazy\" srcset=\"https:\/\/toposatelier.com\/wp-content\/uploads\/2016\/06\/topos-atelier-de-arquitectura-casa-em-nogueiro-1-385x385.jpg 385w, https:\/\/toposatelier.com\/wp-content\/uploads\/2016\/06\/topos-atelier-de-arquitectura-casa-em-nogueiro-1-300x300.jpg 300w, https:\/\/toposatelier.com\/wp-content\/uploads\/2016\/06\/topos-atelier-de-arquitectura-casa-em-nogueiro-1-100x100.jpg 100w, https:\/\/toposatelier.com\/wp-content\/uploads\/2016\/06\/topos-atelier-de-arquitectura-casa-em-nogueiro-1-150x150.jpg 150w\" sizes=\"(max-width: 385px) 100vw, 385px\" \/><\/a>\n\t\t\t<\/div><\/figure><figure class='gallery-item'>\n\t\t\t<div class='gallery-icon portrait'>\n\t\t\t\t<a data-title=\"Topos Atelier de Arquitectura - Casa em Nogueir\u00f3 (2)\" data-alt=\"\" href='https:\/\/toposatelier.com\/wp-content\/uploads\/2016\/06\/topos-atelier-de-arquitectura-casa-em-nogueiro-2.jpg'><img width=\"385\" height=\"385\" src=\"https:\/\/toposatelier.com\/wp-content\/uploads\/2016\/06\/topos-atelier-de-arquitectura-casa-em-nogueiro-2-385x385.jpg\" class=\"attachment-small-size-hard size-small-size-hard\" alt=\"\" decoding=\"async\" loading=\"lazy\" srcset=\"https:\/\/toposatelier.com\/wp-content\/uploads\/2016\/06\/topos-atelier-de-arquitectura-casa-em-nogueiro-2-385x385.jpg 385w, https:\/\/toposatelier.com\/wp-content\/uploads\/2016\/06\/topos-atelier-de-arquitectura-casa-em-nogueiro-2-300x300.jpg 300w, https:\/\/toposatelier.com\/wp-content\/uploads\/2016\/06\/topos-atelier-de-arquitectura-casa-em-nogueiro-2-100x100.jpg 100w, https:\/\/toposatelier.com\/wp-content\/uploads\/2016\/06\/topos-atelier-de-arquitectura-casa-em-nogueiro-2-150x150.jpg 150w\" sizes=\"(max-width: 385px) 100vw, 385px\" \/><\/a>\n\t\t\t<\/div><\/figure><figure class='gallery-item'>\n\t\t\t<div class='gallery-icon portrait'>\n\t\t\t\t<a data-title=\"Topos Atelier de Arquitectura - Casa em Nogueir\u00f3 (3)\" data-alt=\"\" href='https:\/\/toposatelier.com\/wp-content\/uploads\/2016\/06\/topos-atelier-de-arquitectura-casa-em-nogueiro-3.jpg'><img width=\"385\" height=\"385\" src=\"https:\/\/toposatelier.com\/wp-content\/uploads\/2016\/06\/topos-atelier-de-arquitectura-casa-em-nogueiro-3-385x385.jpg\" class=\"attachment-small-size-hard size-small-size-hard\" alt=\"\" decoding=\"async\" loading=\"lazy\" srcset=\"https:\/\/toposatelier.com\/wp-content\/uploads\/2016\/06\/topos-atelier-de-arquitectura-casa-em-nogueiro-3-385x385.jpg 385w, https:\/\/toposatelier.com\/wp-content\/uploads\/2016\/06\/topos-atelier-de-arquitectura-casa-em-nogueiro-3-300x300.jpg 300w, https:\/\/toposatelier.com\/wp-content\/uploads\/2016\/06\/topos-atelier-de-arquitectura-casa-em-nogueiro-3-100x100.jpg 100w, https:\/\/toposatelier.com\/wp-content\/uploads\/2016\/06\/topos-atelier-de-arquitectura-casa-em-nogueiro-3-150x150.jpg 150w\" sizes=\"(max-width: 385px) 100vw, 385px\" \/><\/a>\n\t\t\t<\/div><\/figure><figure class='gallery-item'>\n\t\t\t<div class='gallery-icon landscape'>\n\t\t\t\t<a data-title=\"Topos Atelier de Arquitectura - Casa em Nogueir\u00f3 (4)\" data-alt=\"\" href='https:\/\/toposatelier.com\/wp-content\/uploads\/2016\/06\/topos-atelier-de-arquitectura-casa-em-nogueiro-4.jpg'><img width=\"385\" height=\"385\" src=\"https:\/\/toposatelier.com\/wp-content\/uploads\/2016\/06\/topos-atelier-de-arquitectura-casa-em-nogueiro-4-385x385.jpg\" class=\"attachment-small-size-hard size-small-size-hard\" alt=\"\" decoding=\"async\" loading=\"lazy\" srcset=\"https:\/\/toposatelier.com\/wp-content\/uploads\/2016\/06\/topos-atelier-de-arquitectura-casa-em-nogueiro-4-385x385.jpg 385w, https:\/\/toposatelier.com\/wp-content\/uploads\/2016\/06\/topos-atelier-de-arquitectura-casa-em-nogueiro-4-300x300.jpg 300w, https:\/\/toposatelier.com\/wp-content\/uploads\/2016\/06\/topos-atelier-de-arquitectura-casa-em-nogueiro-4-100x100.jpg 100w, https:\/\/toposatelier.com\/wp-content\/uploads\/2016\/06\/topos-atelier-de-arquitectura-casa-em-nogueiro-4-150x150.jpg 150w\" sizes=\"(max-width: 385px) 100vw, 385px\" \/><\/a>\n\t\t\t<\/div><\/figure><figure class='gallery-item'>\n\t\t\t<div class='gallery-icon portrait'>\n\t\t\t\t<a data-title=\"Topos Atelier de Arquitectura - Casa em Nogueir\u00f3 (5)\" data-alt=\"\" href='https:\/\/toposatelier.com\/wp-content\/uploads\/2016\/06\/topos-atelier-de-arquitectura-casa-em-nogueiro-5.jpg'><img width=\"385\" height=\"385\" src=\"https:\/\/toposatelier.com\/wp-content\/uploads\/2016\/06\/topos-atelier-de-arquitectura-casa-em-nogueiro-5-385x385.jpg\" class=\"attachment-small-size-hard size-small-size-hard\" alt=\"\" decoding=\"async\" loading=\"lazy\" srcset=\"https:\/\/toposatelier.com\/wp-content\/uploads\/2016\/06\/topos-atelier-de-arquitectura-casa-em-nogueiro-5-385x385.jpg 385w, https:\/\/toposatelier.com\/wp-content\/uploads\/2016\/06\/topos-atelier-de-arquitectura-casa-em-nogueiro-5-300x300.jpg 300w, https:\/\/toposatelier.com\/wp-content\/uploads\/2016\/06\/topos-atelier-de-arquitectura-casa-em-nogueiro-5-100x100.jpg 100w, https:\/\/toposatelier.com\/wp-content\/uploads\/2016\/06\/topos-atelier-de-arquitectura-casa-em-nogueiro-5-150x150.jpg 150w\" sizes=\"(max-width: 385px) 100vw, 385px\" \/><\/a>\n\t\t\t<\/div><\/figure><figure class='gallery-item'>\n\t\t\t<div class='gallery-icon portrait'>\n\t\t\t\t<a data-title=\"Topos Atelier de Arquitectura - Casa em Nogueir\u00f3 (6)\" data-alt=\"\" href='https:\/\/toposatelier.com\/wp-content\/uploads\/2016\/06\/topos-atelier-de-arquitectura-casa-em-nogueiro-6.jpg'><img width=\"385\" height=\"385\" src=\"https:\/\/toposatelier.com\/wp-content\/uploads\/2016\/06\/topos-atelier-de-arquitectura-casa-em-nogueiro-6-385x385.jpg\" class=\"attachment-small-size-hard size-small-size-hard\" alt=\"\" decoding=\"async\" loading=\"lazy\" srcset=\"https:\/\/toposatelier.com\/wp-content\/uploads\/2016\/06\/topos-atelier-de-arquitectura-casa-em-nogueiro-6-385x385.jpg 385w, https:\/\/toposatelier.com\/wp-content\/uploads\/2016\/06\/topos-atelier-de-arquitectura-casa-em-nogueiro-6-300x300.jpg 300w, https:\/\/toposatelier.com\/wp-content\/uploads\/2016\/06\/topos-atelier-de-arquitectura-casa-em-nogueiro-6-100x100.jpg 100w, https:\/\/toposatelier.com\/wp-content\/uploads\/2016\/06\/topos-atelier-de-arquitectura-casa-em-nogueiro-6-150x150.jpg 150w\" sizes=\"(max-width: 385px) 100vw, 385px\" \/><\/a>\n\t\t\t<\/div><\/figure><figure class='gallery-item'>\n\t\t\t<div class='gallery-icon portrait'>\n\t\t\t\t<a data-title=\"Topos Atelier de Arquitectura - Casa em Nogueir\u00f3 (7)\" data-alt=\"\" href='https:\/\/toposatelier.com\/wp-content\/uploads\/2016\/06\/topos-atelier-de-arquitectura-casa-em-nogueiro-7.jpg'><img width=\"385\" height=\"385\" src=\"https:\/\/toposatelier.com\/wp-content\/uploads\/2016\/06\/topos-atelier-de-arquitectura-casa-em-nogueiro-7-385x385.jpg\" class=\"attachment-small-size-hard size-small-size-hard\" alt=\"\" decoding=\"async\" loading=\"lazy\" srcset=\"https:\/\/toposatelier.com\/wp-content\/uploads\/2016\/06\/topos-atelier-de-arquitectura-casa-em-nogueiro-7-385x385.jpg 385w, https:\/\/toposatelier.com\/wp-content\/uploads\/2016\/06\/topos-atelier-de-arquitectura-casa-em-nogueiro-7-300x300.jpg 300w, https:\/\/toposatelier.com\/wp-content\/uploads\/2016\/06\/topos-atelier-de-arquitectura-casa-em-nogueiro-7-100x100.jpg 100w, https:\/\/toposatelier.com\/wp-content\/uploads\/2016\/06\/topos-atelier-de-arquitectura-casa-em-nogueiro-7-150x150.jpg 150w\" sizes=\"(max-width: 385px) 100vw, 385px\" \/><\/a>\n\t\t\t<\/div><\/figure><figure class='gallery-item'>\n\t\t\t<div class='gallery-icon landscape'>\n\t\t\t\t<a data-title=\"Topos Atelier de Arquitectura - Casa em Nogueir\u00f3 (8)\" data-alt=\"\" href='https:\/\/toposatelier.com\/wp-content\/uploads\/2016\/06\/topos-atelier-de-arquitectura-casa-em-nogueiro-8.jpg'><img width=\"385\" height=\"385\" src=\"https:\/\/toposatelier.com\/wp-content\/uploads\/2016\/06\/topos-atelier-de-arquitectura-casa-em-nogueiro-8-385x385.jpg\" class=\"attachment-small-size-hard size-small-size-hard\" alt=\"\" decoding=\"async\" loading=\"lazy\" srcset=\"https:\/\/toposatelier.com\/wp-content\/uploads\/2016\/06\/topos-atelier-de-arquitectura-casa-em-nogueiro-8-385x385.jpg 385w, https:\/\/toposatelier.com\/wp-content\/uploads\/2016\/06\/topos-atelier-de-arquitectura-casa-em-nogueiro-8-300x300.jpg 300w, https:\/\/toposatelier.com\/wp-content\/uploads\/2016\/06\/topos-atelier-de-arquitectura-casa-em-nogueiro-8-100x100.jpg 100w, https:\/\/toposatelier.com\/wp-content\/uploads\/2016\/06\/topos-atelier-de-arquitectura-casa-em-nogueiro-8-150x150.jpg 150w\" sizes=\"(max-width: 385px) 100vw, 385px\" \/><\/a>\n\t\t\t<\/div><\/figure>\n\t\t<\/div>\n\n<p style=\"text-align: center;\">La maison fut un pr\u00e9texte pour pouvoir, sur un lot r\u00e9siduel, maintenir les terres et un magnifique ch\u00eane li\u00e8ge centenaire \u2013 seul survivant aux pelleteuses qui, une fois de plus, \u00e9ventr\u00e8rent la colline pour cr\u00e9er un nouveau lotissement.<br \/>\nL\u2019id\u00e9e fut d\u2019encastrer la maison dans la pente comme si elle naissait de cette derni\u00e8re, d\u2019utiliser des gabions pour pr\u00e9server les racines restantes de l\u2019arbre et planter des esp\u00e8ces autochtones pour reconstituer un jardin qui, \u00e0 l\u2019\u00e9chelle du paysage, devrait pouvoir fermer la blessure.<\/p>\n<h6>Photographies: XAVIER ANTUNES<\/h6>","protected":false},"excerpt":{"rendered":"<p>La maison fut un pr\u00e9texte pour pouvoir, sur un lot r\u00e9siduel, maintenir les terres et un magnifique ch\u00eane li\u00e8ge centenaire \u2013 seul survivant aux pelleteuses qui, une fois de plus, \u00e9ventr\u00e8rent la colline pour cr\u00e9er un nouveau lotissement. L\u2019id\u00e9e fut d\u2019encastrer la maison dans la pente comme si elle naissait de cette derni\u00e8re, d\u2019utiliser des..<\/p>\n","protected":false},"author":1,"featured_media":0,"parent":0,"menu_order":0,"comment_status":"closed","ping_status":"closed","template":"","meta":[],"_links":{"self":[{"href":"https:\/\/toposatelier.com\/fr\/wp-json\/wp\/v2\/pages\/2797"}],"collection":[{"href":"https:\/\/toposatelier.com\/fr\/wp-json\/wp\/v2\/pages"}],"about":[{"href":"https:\/\/toposatelier.com\/fr\/wp-json\/wp\/v2\/types\/page"}],"author":[{"embeddable":true,"href":"https:\/\/toposatelier.com\/fr\/wp-json\/wp\/v2\/users\/1"}],"replies":[{"embeddable":true,"href":"https:\/\/toposatelier.com\/fr\/wp-json\/wp\/v2\/comments?post=2797"}],"version-history":[{"count":4,"href":"https:\/\/toposatelier.com\/fr\/wp-json\/wp\/v2\/pages\/2797\/revisions"}],"predecessor-version":[{"id":4311,"href":"https:\/\/toposatelier.com\/fr\/wp-json\/wp\/v2\/pages\/2797\/revisions\/4311"}],"wp:attachment":[{"href":"https:\/\/toposatelier.com\/fr\/wp-json\/wp\/v2\/media?parent=2797"}],"curies":[{"name":"wp","href":"https:\/\/api.w.org\/{rel}","templated":true}]}}