{"id":2787,"date":"2016-10-26T14:07:19","date_gmt":"2016-10-26T14:07:19","guid":{"rendered":"http:\/\/toposatelier.com\/?page_id=2787"},"modified":"2024-05-06T14:58:29","modified_gmt":"2024-05-06T14:58:29","slug":"casa-em-taide","status":"publish","type":"page","link":"https:\/\/toposatelier.com\/fr\/casa-em-taide\/","title":{"rendered":"Maison \u00e0 Ta\u00edde"},"content":{"rendered":"<div id='gallery-0' class='gallery galleryid-2787 gallery-columns-4 gallery-size-small-size-hard'><figure class='gallery-item'>\n\t\t\t<div class='gallery-icon landscape'>\n\t\t\t\t<a data-title=\"Topos Atelier de Arquitectura - Casa em Ta\u00edde (1)\" data-alt=\"\" href='https:\/\/toposatelier.com\/wp-content\/uploads\/2016\/06\/topos-atelier-de-arquitectura-casa-em-taide-1.jpg'><img width=\"385\" height=\"385\" src=\"https:\/\/toposatelier.com\/wp-content\/uploads\/2016\/06\/topos-atelier-de-arquitectura-casa-em-taide-1-385x385.jpg\" class=\"attachment-small-size-hard size-small-size-hard\" alt=\"\" decoding=\"async\" loading=\"lazy\" srcset=\"https:\/\/toposatelier.com\/wp-content\/uploads\/2016\/06\/topos-atelier-de-arquitectura-casa-em-taide-1-385x385.jpg 385w, https:\/\/toposatelier.com\/wp-content\/uploads\/2016\/06\/topos-atelier-de-arquitectura-casa-em-taide-1-300x300.jpg 300w, https:\/\/toposatelier.com\/wp-content\/uploads\/2016\/06\/topos-atelier-de-arquitectura-casa-em-taide-1-100x100.jpg 100w, https:\/\/toposatelier.com\/wp-content\/uploads\/2016\/06\/topos-atelier-de-arquitectura-casa-em-taide-1-150x150.jpg 150w\" sizes=\"(max-width: 385px) 100vw, 385px\" \/><\/a>\n\t\t\t<\/div><\/figure><figure class='gallery-item'>\n\t\t\t<div class='gallery-icon landscape'>\n\t\t\t\t<a data-title=\"Topos Atelier de Arquitectura - Casa em Ta\u00edde (2)\" data-alt=\"\" href='https:\/\/toposatelier.com\/wp-content\/uploads\/2016\/06\/topos-atelier-de-arquitectura-casa-em-taide-2.jpg'><img width=\"385\" height=\"385\" src=\"https:\/\/toposatelier.com\/wp-content\/uploads\/2016\/06\/topos-atelier-de-arquitectura-casa-em-taide-2-385x385.jpg\" class=\"attachment-small-size-hard size-small-size-hard\" alt=\"\" decoding=\"async\" loading=\"lazy\" srcset=\"https:\/\/toposatelier.com\/wp-content\/uploads\/2016\/06\/topos-atelier-de-arquitectura-casa-em-taide-2-385x385.jpg 385w, https:\/\/toposatelier.com\/wp-content\/uploads\/2016\/06\/topos-atelier-de-arquitectura-casa-em-taide-2-300x300.jpg 300w, https:\/\/toposatelier.com\/wp-content\/uploads\/2016\/06\/topos-atelier-de-arquitectura-casa-em-taide-2-100x100.jpg 100w, https:\/\/toposatelier.com\/wp-content\/uploads\/2016\/06\/topos-atelier-de-arquitectura-casa-em-taide-2-150x150.jpg 150w\" sizes=\"(max-width: 385px) 100vw, 385px\" \/><\/a>\n\t\t\t<\/div><\/figure><figure class='gallery-item'>\n\t\t\t<div class='gallery-icon landscape'>\n\t\t\t\t<a data-title=\"Topos Atelier de Arquitectura - Casa em Ta\u00edde (3)\" data-alt=\"\" href='https:\/\/toposatelier.com\/wp-content\/uploads\/2016\/06\/topos-atelier-de-arquitectura-casa-em-taide-3.jpg'><img width=\"385\" height=\"385\" src=\"https:\/\/toposatelier.com\/wp-content\/uploads\/2016\/06\/topos-atelier-de-arquitectura-casa-em-taide-3-385x385.jpg\" class=\"attachment-small-size-hard size-small-size-hard\" alt=\"\" decoding=\"async\" loading=\"lazy\" srcset=\"https:\/\/toposatelier.com\/wp-content\/uploads\/2016\/06\/topos-atelier-de-arquitectura-casa-em-taide-3-385x385.jpg 385w, https:\/\/toposatelier.com\/wp-content\/uploads\/2016\/06\/topos-atelier-de-arquitectura-casa-em-taide-3-300x300.jpg 300w, https:\/\/toposatelier.com\/wp-content\/uploads\/2016\/06\/topos-atelier-de-arquitectura-casa-em-taide-3-100x100.jpg 100w, https:\/\/toposatelier.com\/wp-content\/uploads\/2016\/06\/topos-atelier-de-arquitectura-casa-em-taide-3-150x150.jpg 150w\" sizes=\"(max-width: 385px) 100vw, 385px\" \/><\/a>\n\t\t\t<\/div><\/figure><figure class='gallery-item'>\n\t\t\t<div class='gallery-icon landscape'>\n\t\t\t\t<a data-title=\"Topos Atelier de Arquitectura - Casa em Ta\u00edde (4)\" data-alt=\"\" href='https:\/\/toposatelier.com\/wp-content\/uploads\/2016\/06\/topos-atelier-de-arquitectura-casa-em-taide-4.jpg'><img width=\"385\" height=\"385\" src=\"https:\/\/toposatelier.com\/wp-content\/uploads\/2016\/06\/topos-atelier-de-arquitectura-casa-em-taide-4-385x385.jpg\" class=\"attachment-small-size-hard size-small-size-hard\" alt=\"\" decoding=\"async\" loading=\"lazy\" srcset=\"https:\/\/toposatelier.com\/wp-content\/uploads\/2016\/06\/topos-atelier-de-arquitectura-casa-em-taide-4-385x385.jpg 385w, https:\/\/toposatelier.com\/wp-content\/uploads\/2016\/06\/topos-atelier-de-arquitectura-casa-em-taide-4-300x300.jpg 300w, https:\/\/toposatelier.com\/wp-content\/uploads\/2016\/06\/topos-atelier-de-arquitectura-casa-em-taide-4-100x100.jpg 100w, https:\/\/toposatelier.com\/wp-content\/uploads\/2016\/06\/topos-atelier-de-arquitectura-casa-em-taide-4-150x150.jpg 150w\" sizes=\"(max-width: 385px) 100vw, 385px\" \/><\/a>\n\t\t\t<\/div><\/figure><figure class='gallery-item'>\n\t\t\t<div class='gallery-icon landscape'>\n\t\t\t\t<a data-title=\"Topos Atelier de Arquitectura - Casa em Ta\u00edde (5)\" data-alt=\"\" href='https:\/\/toposatelier.com\/wp-content\/uploads\/2016\/06\/topos-atelier-de-arquitectura-casa-em-taide-5.jpg'><img width=\"385\" height=\"385\" src=\"https:\/\/toposatelier.com\/wp-content\/uploads\/2016\/06\/topos-atelier-de-arquitectura-casa-em-taide-5-385x385.jpg\" class=\"attachment-small-size-hard size-small-size-hard\" alt=\"\" decoding=\"async\" loading=\"lazy\" srcset=\"https:\/\/toposatelier.com\/wp-content\/uploads\/2016\/06\/topos-atelier-de-arquitectura-casa-em-taide-5-385x385.jpg 385w, https:\/\/toposatelier.com\/wp-content\/uploads\/2016\/06\/topos-atelier-de-arquitectura-casa-em-taide-5-300x300.jpg 300w, https:\/\/toposatelier.com\/wp-content\/uploads\/2016\/06\/topos-atelier-de-arquitectura-casa-em-taide-5-100x100.jpg 100w, https:\/\/toposatelier.com\/wp-content\/uploads\/2016\/06\/topos-atelier-de-arquitectura-casa-em-taide-5-150x150.jpg 150w\" sizes=\"(max-width: 385px) 100vw, 385px\" \/><\/a>\n\t\t\t<\/div><\/figure><figure class='gallery-item'>\n\t\t\t<div class='gallery-icon landscape'>\n\t\t\t\t<a data-title=\"Topos Atelier de Arquitectura - Casa em Ta\u00edde (6)\" data-alt=\"\" href='https:\/\/toposatelier.com\/wp-content\/uploads\/2016\/06\/topos-atelier-de-arquitectura-casa-em-taide-6.jpg'><img width=\"385\" height=\"385\" src=\"https:\/\/toposatelier.com\/wp-content\/uploads\/2016\/06\/topos-atelier-de-arquitectura-casa-em-taide-6-385x385.jpg\" class=\"attachment-small-size-hard size-small-size-hard\" alt=\"\" decoding=\"async\" loading=\"lazy\" srcset=\"https:\/\/toposatelier.com\/wp-content\/uploads\/2016\/06\/topos-atelier-de-arquitectura-casa-em-taide-6-385x385.jpg 385w, https:\/\/toposatelier.com\/wp-content\/uploads\/2016\/06\/topos-atelier-de-arquitectura-casa-em-taide-6-300x300.jpg 300w, https:\/\/toposatelier.com\/wp-content\/uploads\/2016\/06\/topos-atelier-de-arquitectura-casa-em-taide-6-100x100.jpg 100w, https:\/\/toposatelier.com\/wp-content\/uploads\/2016\/06\/topos-atelier-de-arquitectura-casa-em-taide-6-150x150.jpg 150w\" sizes=\"(max-width: 385px) 100vw, 385px\" \/><\/a>\n\t\t\t<\/div><\/figure><figure class='gallery-item'>\n\t\t\t<div class='gallery-icon landscape'>\n\t\t\t\t<a data-title=\"Topos Atelier de Arquitectura - Casa em Ta\u00edde (7)\" data-alt=\"\" href='https:\/\/toposatelier.com\/wp-content\/uploads\/2016\/06\/topos-atelier-de-arquitectura-casa-em-taide-7.jpg'><img width=\"385\" height=\"385\" src=\"https:\/\/toposatelier.com\/wp-content\/uploads\/2016\/06\/topos-atelier-de-arquitectura-casa-em-taide-7-385x385.jpg\" class=\"attachment-small-size-hard size-small-size-hard\" alt=\"\" decoding=\"async\" loading=\"lazy\" srcset=\"https:\/\/toposatelier.com\/wp-content\/uploads\/2016\/06\/topos-atelier-de-arquitectura-casa-em-taide-7-385x385.jpg 385w, https:\/\/toposatelier.com\/wp-content\/uploads\/2016\/06\/topos-atelier-de-arquitectura-casa-em-taide-7-300x300.jpg 300w, https:\/\/toposatelier.com\/wp-content\/uploads\/2016\/06\/topos-atelier-de-arquitectura-casa-em-taide-7-100x100.jpg 100w, https:\/\/toposatelier.com\/wp-content\/uploads\/2016\/06\/topos-atelier-de-arquitectura-casa-em-taide-7-150x150.jpg 150w\" sizes=\"(max-width: 385px) 100vw, 385px\" \/><\/a>\n\t\t\t<\/div><\/figure><figure class='gallery-item'>\n\t\t\t<div class='gallery-icon landscape'>\n\t\t\t\t<a data-title=\"Topos Atelier de Arquitectura - Casa em Ta\u00edde (8)\" data-alt=\"\" href='https:\/\/toposatelier.com\/wp-content\/uploads\/2016\/06\/topos-atelier-de-arquitectura-casa-em-taide-8-e1466075039815.jpg'><img width=\"385\" height=\"385\" src=\"https:\/\/toposatelier.com\/wp-content\/uploads\/2016\/06\/topos-atelier-de-arquitectura-casa-em-taide-8-e1466075039815-385x385.jpg\" class=\"attachment-small-size-hard size-small-size-hard\" alt=\"\" decoding=\"async\" loading=\"lazy\" srcset=\"https:\/\/toposatelier.com\/wp-content\/uploads\/2016\/06\/topos-atelier-de-arquitectura-casa-em-taide-8-e1466075039815-385x385.jpg 385w, https:\/\/toposatelier.com\/wp-content\/uploads\/2016\/06\/topos-atelier-de-arquitectura-casa-em-taide-8-e1466075039815-300x300.jpg 300w, https:\/\/toposatelier.com\/wp-content\/uploads\/2016\/06\/topos-atelier-de-arquitectura-casa-em-taide-8-e1466075039815-100x100.jpg 100w, https:\/\/toposatelier.com\/wp-content\/uploads\/2016\/06\/topos-atelier-de-arquitectura-casa-em-taide-8-e1466075039815-150x150.jpg 150w\" sizes=\"(max-width: 385px) 100vw, 385px\" \/><\/a>\n\t\t\t<\/div><\/figure><figure class='gallery-item'>\n\t\t\t<div class='gallery-icon landscape'>\n\t\t\t\t<a data-title=\"Topos Atelier de Arquitectura - Casa em Ta\u00edde (9)\" data-alt=\"\" href='https:\/\/toposatelier.com\/wp-content\/uploads\/2016\/06\/topos-atelier-de-arquitectura-casa-em-taide-9.jpg'><img width=\"385\" height=\"385\" src=\"https:\/\/toposatelier.com\/wp-content\/uploads\/2016\/06\/topos-atelier-de-arquitectura-casa-em-taide-9-385x385.jpg\" class=\"attachment-small-size-hard size-small-size-hard\" alt=\"\" decoding=\"async\" loading=\"lazy\" srcset=\"https:\/\/toposatelier.com\/wp-content\/uploads\/2016\/06\/topos-atelier-de-arquitectura-casa-em-taide-9-385x385.jpg 385w, https:\/\/toposatelier.com\/wp-content\/uploads\/2016\/06\/topos-atelier-de-arquitectura-casa-em-taide-9-300x300.jpg 300w, https:\/\/toposatelier.com\/wp-content\/uploads\/2016\/06\/topos-atelier-de-arquitectura-casa-em-taide-9-100x100.jpg 100w, https:\/\/toposatelier.com\/wp-content\/uploads\/2016\/06\/topos-atelier-de-arquitectura-casa-em-taide-9-150x150.jpg 150w\" sizes=\"(max-width: 385px) 100vw, 385px\" \/><\/a>\n\t\t\t<\/div><\/figure><figure class='gallery-item'>\n\t\t\t<div class='gallery-icon portrait'>\n\t\t\t\t<a data-title=\"Topos Atelier de Arquitectura - Casa em Ta\u00edde (10)\" data-alt=\"\" href='https:\/\/toposatelier.com\/wp-content\/uploads\/2016\/06\/topos-atelier-de-arquitectura-casa-em-taide-10.jpg'><img width=\"385\" height=\"385\" src=\"https:\/\/toposatelier.com\/wp-content\/uploads\/2016\/06\/topos-atelier-de-arquitectura-casa-em-taide-10-385x385.jpg\" class=\"attachment-small-size-hard size-small-size-hard\" alt=\"\" decoding=\"async\" loading=\"lazy\" srcset=\"https:\/\/toposatelier.com\/wp-content\/uploads\/2016\/06\/topos-atelier-de-arquitectura-casa-em-taide-10-385x385.jpg 385w, https:\/\/toposatelier.com\/wp-content\/uploads\/2016\/06\/topos-atelier-de-arquitectura-casa-em-taide-10-300x300.jpg 300w, https:\/\/toposatelier.com\/wp-content\/uploads\/2016\/06\/topos-atelier-de-arquitectura-casa-em-taide-10-100x100.jpg 100w, https:\/\/toposatelier.com\/wp-content\/uploads\/2016\/06\/topos-atelier-de-arquitectura-casa-em-taide-10-150x150.jpg 150w\" sizes=\"(max-width: 385px) 100vw, 385px\" \/><\/a>\n\t\t\t<\/div><\/figure><figure class='gallery-item'>\n\t\t\t<div class='gallery-icon landscape'>\n\t\t\t\t<a data-title=\"Topos Atelier de Arquitectura - Casa em Ta\u00edde (12)\" data-alt=\"\" href='https:\/\/toposatelier.com\/wp-content\/uploads\/2016\/06\/topos-atelier-de-arquitectura-casa-em-taide-12.jpg'><img width=\"385\" height=\"385\" src=\"https:\/\/toposatelier.com\/wp-content\/uploads\/2016\/06\/topos-atelier-de-arquitectura-casa-em-taide-12-385x385.jpg\" class=\"attachment-small-size-hard size-small-size-hard\" alt=\"\" decoding=\"async\" loading=\"lazy\" srcset=\"https:\/\/toposatelier.com\/wp-content\/uploads\/2016\/06\/topos-atelier-de-arquitectura-casa-em-taide-12-385x385.jpg 385w, https:\/\/toposatelier.com\/wp-content\/uploads\/2016\/06\/topos-atelier-de-arquitectura-casa-em-taide-12-300x300.jpg 300w, https:\/\/toposatelier.com\/wp-content\/uploads\/2016\/06\/topos-atelier-de-arquitectura-casa-em-taide-12-100x100.jpg 100w, https:\/\/toposatelier.com\/wp-content\/uploads\/2016\/06\/topos-atelier-de-arquitectura-casa-em-taide-12-150x150.jpg 150w\" sizes=\"(max-width: 385px) 100vw, 385px\" \/><\/a>\n\t\t\t<\/div><\/figure><figure class='gallery-item'>\n\t\t\t<div class='gallery-icon portrait'>\n\t\t\t\t<a data-title=\"Topos Atelier de Arquitectura - Casa em Ta\u00edde (11)\" data-alt=\"\" href='https:\/\/toposatelier.com\/wp-content\/uploads\/2016\/06\/topos-atelier-de-arquitectura-casa-em-taide-11.jpg'><img width=\"385\" height=\"385\" src=\"https:\/\/toposatelier.com\/wp-content\/uploads\/2016\/06\/topos-atelier-de-arquitectura-casa-em-taide-11-385x385.jpg\" class=\"attachment-small-size-hard size-small-size-hard\" alt=\"\" decoding=\"async\" loading=\"lazy\" srcset=\"https:\/\/toposatelier.com\/wp-content\/uploads\/2016\/06\/topos-atelier-de-arquitectura-casa-em-taide-11-385x385.jpg 385w, https:\/\/toposatelier.com\/wp-content\/uploads\/2016\/06\/topos-atelier-de-arquitectura-casa-em-taide-11-300x300.jpg 300w, https:\/\/toposatelier.com\/wp-content\/uploads\/2016\/06\/topos-atelier-de-arquitectura-casa-em-taide-11-100x100.jpg 100w, https:\/\/toposatelier.com\/wp-content\/uploads\/2016\/06\/topos-atelier-de-arquitectura-casa-em-taide-11-150x150.jpg 150w\" sizes=\"(max-width: 385px) 100vw, 385px\" \/><\/a>\n\t\t\t<\/div><\/figure>\n\t\t<\/div>\n\n<p style=\"text-align: center;\">Cette maison ob\u00e9ie aux m\u00eames principes d\u2019implantation et d\u2019orientation que la ferme en ruine pr\u00e9existante sur le terrain.<br \/>\nOn rechercha \u00e0 explorer la confrontation de deux syst\u00e8mes constructifs autonomes.<br \/>\n\u2013 Un premier, qui r\u00e9utilise les murs de granit ext\u00e9rieur des b\u00e2timents de ferme, avec ses parements de pierres, pour abriter un patio\/jardin d\u2019entr\u00e9e et les locaux techniques de la maison.<br \/>\n\u2013 Un second, constitu\u00e9 d\u2019une structure continue en b\u00e9ton arm\u00e9 et de serrureries en aluminium qui enveloppe la salle et les chambres.<br \/>\nAu jardin, un dallage regroupe une piscine et des bassins de pierre pr\u00e9existants.<\/p>\n<h6>Photographies: XAVIER ANTUNES<\/h6>","protected":false},"excerpt":{"rendered":"<p>Cette maison ob\u00e9ie aux m\u00eames principes d\u2019implantation et d\u2019orientation que la ferme en ruine pr\u00e9existante sur le terrain. On rechercha \u00e0 explorer la confrontation de deux syst\u00e8mes constructifs autonomes. \u2013 Un premier, qui r\u00e9utilise les murs de granit ext\u00e9rieur des b\u00e2timents de ferme, avec ses parements de pierres, pour abriter un patio\/jardin d\u2019entr\u00e9e et les..<\/p>\n","protected":false},"author":1,"featured_media":0,"parent":0,"menu_order":0,"comment_status":"closed","ping_status":"closed","template":"","meta":[],"_links":{"self":[{"href":"https:\/\/toposatelier.com\/fr\/wp-json\/wp\/v2\/pages\/2787"}],"collection":[{"href":"https:\/\/toposatelier.com\/fr\/wp-json\/wp\/v2\/pages"}],"about":[{"href":"https:\/\/toposatelier.com\/fr\/wp-json\/wp\/v2\/types\/page"}],"author":[{"embeddable":true,"href":"https:\/\/toposatelier.com\/fr\/wp-json\/wp\/v2\/users\/1"}],"replies":[{"embeddable":true,"href":"https:\/\/toposatelier.com\/fr\/wp-json\/wp\/v2\/comments?post=2787"}],"version-history":[{"count":2,"href":"https:\/\/toposatelier.com\/fr\/wp-json\/wp\/v2\/pages\/2787\/revisions"}],"predecessor-version":[{"id":4308,"href":"https:\/\/toposatelier.com\/fr\/wp-json\/wp\/v2\/pages\/2787\/revisions\/4308"}],"wp:attachment":[{"href":"https:\/\/toposatelier.com\/fr\/wp-json\/wp\/v2\/media?parent=2787"}],"curies":[{"name":"wp","href":"https:\/\/api.w.org\/{rel}","templated":true}]}}