{"id":2619,"date":"2016-10-25T15:17:58","date_gmt":"2016-10-25T15:17:58","guid":{"rendered":"http:\/\/toposatelier.com\/?page_id=2619"},"modified":"2016-10-25T15:17:58","modified_gmt":"2016-10-25T15:17:58","slug":"frente-ribeirinha-do-porto","status":"publish","type":"page","link":"https:\/\/toposatelier.com\/fr\/frente-ribeirinha-do-porto\/","title":{"rendered":"Front Urbain Fluvial de Porto"},"content":{"rendered":"<div id='gallery-0' class='gallery galleryid-2619 gallery-columns-4 gallery-size-small-size-hard'><figure class='gallery-item'>\n\t\t\t<div class='gallery-icon landscape'>\n\t\t\t\t<a data-title=\"Frente Ribeirinha do Porto (5)\" data-alt=\"\" href='https:\/\/toposatelier.com\/wp-content\/uploads\/2016\/07\/frente-ribeirinha-do-porto-5.jpg'><img width=\"385\" height=\"385\" src=\"https:\/\/toposatelier.com\/wp-content\/uploads\/2016\/07\/frente-ribeirinha-do-porto-5-385x385.jpg\" class=\"attachment-small-size-hard size-small-size-hard\" alt=\"\" decoding=\"async\" loading=\"lazy\" srcset=\"https:\/\/toposatelier.com\/wp-content\/uploads\/2016\/07\/frente-ribeirinha-do-porto-5-385x385.jpg 385w, https:\/\/toposatelier.com\/wp-content\/uploads\/2016\/07\/frente-ribeirinha-do-porto-5-300x300.jpg 300w, https:\/\/toposatelier.com\/wp-content\/uploads\/2016\/07\/frente-ribeirinha-do-porto-5-100x100.jpg 100w, https:\/\/toposatelier.com\/wp-content\/uploads\/2016\/07\/frente-ribeirinha-do-porto-5-150x150.jpg 150w\" sizes=\"(max-width: 385px) 100vw, 385px\" \/><\/a>\n\t\t\t<\/div><\/figure><figure class='gallery-item'>\n\t\t\t<div class='gallery-icon landscape'>\n\t\t\t\t<a data-title=\"Frente Ribeirinha do Porto (6)\" data-alt=\"\" href='https:\/\/toposatelier.com\/wp-content\/uploads\/2016\/07\/frente-ribeirinha-do-porto-6-e1467646328318.jpg'><img width=\"385\" height=\"385\" src=\"https:\/\/toposatelier.com\/wp-content\/uploads\/2016\/07\/frente-ribeirinha-do-porto-6-e1467646328318-385x385.jpg\" class=\"attachment-small-size-hard size-small-size-hard\" alt=\"\" decoding=\"async\" loading=\"lazy\" srcset=\"https:\/\/toposatelier.com\/wp-content\/uploads\/2016\/07\/frente-ribeirinha-do-porto-6-e1467646328318-385x385.jpg 385w, https:\/\/toposatelier.com\/wp-content\/uploads\/2016\/07\/frente-ribeirinha-do-porto-6-e1467646328318-300x300.jpg 300w, https:\/\/toposatelier.com\/wp-content\/uploads\/2016\/07\/frente-ribeirinha-do-porto-6-e1467646328318-100x100.jpg 100w, https:\/\/toposatelier.com\/wp-content\/uploads\/2016\/07\/frente-ribeirinha-do-porto-6-e1467646328318-150x150.jpg 150w\" sizes=\"(max-width: 385px) 100vw, 385px\" \/><\/a>\n\t\t\t<\/div><\/figure><figure class='gallery-item'>\n\t\t\t<div class='gallery-icon portrait'>\n\t\t\t\t<a data-title=\"Frente Ribeirinha do Porto (7)\" data-alt=\"\" href='https:\/\/toposatelier.com\/wp-content\/uploads\/2016\/07\/frente-ribeirinha-do-porto-7.jpg'><img width=\"385\" height=\"385\" src=\"https:\/\/toposatelier.com\/wp-content\/uploads\/2016\/07\/frente-ribeirinha-do-porto-7-385x385.jpg\" class=\"attachment-small-size-hard size-small-size-hard\" alt=\"\" decoding=\"async\" loading=\"lazy\" srcset=\"https:\/\/toposatelier.com\/wp-content\/uploads\/2016\/07\/frente-ribeirinha-do-porto-7-385x385.jpg 385w, https:\/\/toposatelier.com\/wp-content\/uploads\/2016\/07\/frente-ribeirinha-do-porto-7-300x300.jpg 300w, https:\/\/toposatelier.com\/wp-content\/uploads\/2016\/07\/frente-ribeirinha-do-porto-7-100x100.jpg 100w, https:\/\/toposatelier.com\/wp-content\/uploads\/2016\/07\/frente-ribeirinha-do-porto-7-150x150.jpg 150w\" sizes=\"(max-width: 385px) 100vw, 385px\" \/><\/a>\n\t\t\t<\/div><\/figure><figure class='gallery-item'>\n\t\t\t<div class='gallery-icon landscape'>\n\t\t\t\t<a data-title=\"Frente Ribeirinha do Porto (8)\" data-alt=\"\" href='https:\/\/toposatelier.com\/wp-content\/uploads\/2016\/07\/frente-ribeirinha-do-porto-8.jpg'><img width=\"385\" height=\"385\" src=\"https:\/\/toposatelier.com\/wp-content\/uploads\/2016\/07\/frente-ribeirinha-do-porto-8-385x385.jpg\" class=\"attachment-small-size-hard size-small-size-hard\" alt=\"\" decoding=\"async\" loading=\"lazy\" srcset=\"https:\/\/toposatelier.com\/wp-content\/uploads\/2016\/07\/frente-ribeirinha-do-porto-8-385x385.jpg 385w, https:\/\/toposatelier.com\/wp-content\/uploads\/2016\/07\/frente-ribeirinha-do-porto-8-300x300.jpg 300w, https:\/\/toposatelier.com\/wp-content\/uploads\/2016\/07\/frente-ribeirinha-do-porto-8-100x100.jpg 100w, https:\/\/toposatelier.com\/wp-content\/uploads\/2016\/07\/frente-ribeirinha-do-porto-8-150x150.jpg 150w\" sizes=\"(max-width: 385px) 100vw, 385px\" \/><\/a>\n\t\t\t<\/div><\/figure>\n\t\t<\/div>\n\n<p style=\"text-align: center;\">Intervenir sur cet exceptionnel partie de ville, \u00e0 l\u2019heure actuelle marginalis\u00e9e et pourtant indissociable du caract\u00e8re de Porto, demandait de prendre en compte la pr\u00e9sence d\u2019un incroyable \u201cg\u00e9nie du lieu\u201d et d\u2019introduire l\u2019environnement comme \u00e9l\u00e9ment structurant du projet.<br \/>\nL\u2019essentiel de la proposition consistait donc, \u00e0 partir d\u2019un travail de coutures et de collages, \u00e0 r\u00e9v\u00e9ler les urbanit\u00e9s sous-jacentes capables de dynamiser les quartiers.<br \/>\nQuatre grandes th\u00e9matiques nous semblaient alors pouvoir insuffler cette dynamique:la fa\u00e7ade fluviale; le versant, soubassement de la ville; les acc\u00e8s et parcours; les \u00e9l\u00e9ments urbains.<\/p>","protected":false},"excerpt":{"rendered":"<p>Intervenir sur cet exceptionnel partie de ville, \u00e0 l\u2019heure actuelle marginalis\u00e9e et pourtant indissociable du caract\u00e8re de Porto, demandait de prendre en compte la pr\u00e9sence d\u2019un incroyable \u201cg\u00e9nie du lieu\u201d et d\u2019introduire l\u2019environnement comme \u00e9l\u00e9ment structurant du projet. L\u2019essentiel de la proposition consistait donc, \u00e0 partir d\u2019un travail de coutures et de collages, \u00e0 r\u00e9v\u00e9ler..<\/p>\n","protected":false},"author":1,"featured_media":0,"parent":0,"menu_order":0,"comment_status":"closed","ping_status":"closed","template":"","meta":[],"_links":{"self":[{"href":"https:\/\/toposatelier.com\/fr\/wp-json\/wp\/v2\/pages\/2619"}],"collection":[{"href":"https:\/\/toposatelier.com\/fr\/wp-json\/wp\/v2\/pages"}],"about":[{"href":"https:\/\/toposatelier.com\/fr\/wp-json\/wp\/v2\/types\/page"}],"author":[{"embeddable":true,"href":"https:\/\/toposatelier.com\/fr\/wp-json\/wp\/v2\/users\/1"}],"replies":[{"embeddable":true,"href":"https:\/\/toposatelier.com\/fr\/wp-json\/wp\/v2\/comments?post=2619"}],"version-history":[{"count":1,"href":"https:\/\/toposatelier.com\/fr\/wp-json\/wp\/v2\/pages\/2619\/revisions"}],"predecessor-version":[{"id":2620,"href":"https:\/\/toposatelier.com\/fr\/wp-json\/wp\/v2\/pages\/2619\/revisions\/2620"}],"wp:attachment":[{"href":"https:\/\/toposatelier.com\/fr\/wp-json\/wp\/v2\/media?parent=2619"}],"curies":[{"name":"wp","href":"https:\/\/api.w.org\/{rel}","templated":true}]}}