{"id":2613,"date":"2016-10-25T15:06:50","date_gmt":"2016-10-25T15:06:50","guid":{"rendered":"http:\/\/toposatelier.com\/?page_id=2613"},"modified":"2016-10-25T15:06:50","modified_gmt":"2016-10-25T15:06:50","slug":"loteamento-de-merim","status":"publish","type":"page","link":"https:\/\/toposatelier.com\/fr\/loteamento-de-merim\/","title":{"rendered":"Ensemble Urbain \u00e0 Merim"},"content":{"rendered":"<div id='gallery-0' class='gallery galleryid-2613 gallery-columns-3 gallery-size-small-size-hard'><figure class='gallery-item'>\n\t\t\t<div class='gallery-icon landscape'>\n\t\t\t\t<a data-title=\"Topos Atelier de Arquitectura - Lot. Merim (1)\" data-alt=\"\" href='https:\/\/toposatelier.com\/wp-content\/uploads\/2016\/06\/topos-atelier-de-arquitectura-lot.-merim-1.jpg'><img width=\"385\" height=\"385\" src=\"https:\/\/toposatelier.com\/wp-content\/uploads\/2016\/06\/topos-atelier-de-arquitectura-lot.-merim-1-385x385.jpg\" class=\"attachment-small-size-hard size-small-size-hard\" alt=\"\" decoding=\"async\" loading=\"lazy\" srcset=\"https:\/\/toposatelier.com\/wp-content\/uploads\/2016\/06\/topos-atelier-de-arquitectura-lot.-merim-1-385x385.jpg 385w, https:\/\/toposatelier.com\/wp-content\/uploads\/2016\/06\/topos-atelier-de-arquitectura-lot.-merim-1-300x300.jpg 300w, https:\/\/toposatelier.com\/wp-content\/uploads\/2016\/06\/topos-atelier-de-arquitectura-lot.-merim-1-100x100.jpg 100w, https:\/\/toposatelier.com\/wp-content\/uploads\/2016\/06\/topos-atelier-de-arquitectura-lot.-merim-1-150x150.jpg 150w\" sizes=\"(max-width: 385px) 100vw, 385px\" \/><\/a>\n\t\t\t<\/div><\/figure><figure class='gallery-item'>\n\t\t\t<div class='gallery-icon landscape'>\n\t\t\t\t<a data-title=\"Topos Atelier de Arquitectura - Lot. Merim (5)\" data-alt=\"\" href='https:\/\/toposatelier.com\/wp-content\/uploads\/2016\/06\/topos-atelier-de-arquitectura-lot.-merim-5-e1466588680270.jpg'><img width=\"385\" height=\"385\" src=\"https:\/\/toposatelier.com\/wp-content\/uploads\/2016\/06\/topos-atelier-de-arquitectura-lot.-merim-5-e1466588680270-385x385.jpg\" class=\"attachment-small-size-hard size-small-size-hard\" alt=\"\" decoding=\"async\" loading=\"lazy\" srcset=\"https:\/\/toposatelier.com\/wp-content\/uploads\/2016\/06\/topos-atelier-de-arquitectura-lot.-merim-5-e1466588680270-385x385.jpg 385w, https:\/\/toposatelier.com\/wp-content\/uploads\/2016\/06\/topos-atelier-de-arquitectura-lot.-merim-5-e1466588680270-300x300.jpg 300w, https:\/\/toposatelier.com\/wp-content\/uploads\/2016\/06\/topos-atelier-de-arquitectura-lot.-merim-5-e1466588680270-100x100.jpg 100w, https:\/\/toposatelier.com\/wp-content\/uploads\/2016\/06\/topos-atelier-de-arquitectura-lot.-merim-5-e1466588680270-150x150.jpg 150w\" sizes=\"(max-width: 385px) 100vw, 385px\" \/><\/a>\n\t\t\t<\/div><\/figure><figure class='gallery-item'>\n\t\t\t<div class='gallery-icon landscape'>\n\t\t\t\t<a data-title=\"Topos Atelier de Arquitectura - Lot. Merim (3)\" data-alt=\"\" href='https:\/\/toposatelier.com\/wp-content\/uploads\/2016\/06\/topos-atelier-de-arquitectura-lot.-merim-3.jpg'><img width=\"385\" height=\"385\" src=\"https:\/\/toposatelier.com\/wp-content\/uploads\/2016\/06\/topos-atelier-de-arquitectura-lot.-merim-3-385x385.jpg\" class=\"attachment-small-size-hard size-small-size-hard\" alt=\"\" decoding=\"async\" loading=\"lazy\" srcset=\"https:\/\/toposatelier.com\/wp-content\/uploads\/2016\/06\/topos-atelier-de-arquitectura-lot.-merim-3-385x385.jpg 385w, https:\/\/toposatelier.com\/wp-content\/uploads\/2016\/06\/topos-atelier-de-arquitectura-lot.-merim-3-300x300.jpg 300w, https:\/\/toposatelier.com\/wp-content\/uploads\/2016\/06\/topos-atelier-de-arquitectura-lot.-merim-3-100x100.jpg 100w, https:\/\/toposatelier.com\/wp-content\/uploads\/2016\/06\/topos-atelier-de-arquitectura-lot.-merim-3-150x150.jpg 150w\" sizes=\"(max-width: 385px) 100vw, 385px\" \/><\/a>\n\t\t\t<\/div><\/figure><figure class='gallery-item'>\n\t\t\t<div class='gallery-icon landscape'>\n\t\t\t\t<a data-title=\"Topos Atelier de Arquitectura - Lot. Merim (4)\" data-alt=\"\" href='https:\/\/toposatelier.com\/wp-content\/uploads\/2016\/06\/topos-atelier-de-arquitectura-lot.-merim-4.jpg'><img width=\"385\" height=\"385\" src=\"https:\/\/toposatelier.com\/wp-content\/uploads\/2016\/06\/topos-atelier-de-arquitectura-lot.-merim-4-385x385.jpg\" class=\"attachment-small-size-hard size-small-size-hard\" alt=\"\" decoding=\"async\" loading=\"lazy\" srcset=\"https:\/\/toposatelier.com\/wp-content\/uploads\/2016\/06\/topos-atelier-de-arquitectura-lot.-merim-4-385x385.jpg 385w, https:\/\/toposatelier.com\/wp-content\/uploads\/2016\/06\/topos-atelier-de-arquitectura-lot.-merim-4-300x300.jpg 300w, https:\/\/toposatelier.com\/wp-content\/uploads\/2016\/06\/topos-atelier-de-arquitectura-lot.-merim-4-100x100.jpg 100w, https:\/\/toposatelier.com\/wp-content\/uploads\/2016\/06\/topos-atelier-de-arquitectura-lot.-merim-4-150x150.jpg 150w\" sizes=\"(max-width: 385px) 100vw, 385px\" \/><\/a>\n\t\t\t<\/div><\/figure><figure class='gallery-item'>\n\t\t\t<div class='gallery-icon landscape'>\n\t\t\t\t<a data-title=\"Topos Atelier de Arquitectura - Lot. Merim (2)\" data-alt=\"\" href='https:\/\/toposatelier.com\/wp-content\/uploads\/2016\/06\/topos-atelier-de-arquitectura-lot.-merim-2.jpg'><img width=\"385\" height=\"385\" src=\"https:\/\/toposatelier.com\/wp-content\/uploads\/2016\/06\/topos-atelier-de-arquitectura-lot.-merim-2-385x385.jpg\" class=\"attachment-small-size-hard size-small-size-hard\" alt=\"\" decoding=\"async\" loading=\"lazy\" srcset=\"https:\/\/toposatelier.com\/wp-content\/uploads\/2016\/06\/topos-atelier-de-arquitectura-lot.-merim-2-385x385.jpg 385w, https:\/\/toposatelier.com\/wp-content\/uploads\/2016\/06\/topos-atelier-de-arquitectura-lot.-merim-2-300x300.jpg 300w, https:\/\/toposatelier.com\/wp-content\/uploads\/2016\/06\/topos-atelier-de-arquitectura-lot.-merim-2-100x100.jpg 100w, https:\/\/toposatelier.com\/wp-content\/uploads\/2016\/06\/topos-atelier-de-arquitectura-lot.-merim-2-150x150.jpg 150w\" sizes=\"(max-width: 385px) 100vw, 385px\" \/><\/a>\n\t\t\t<\/div><\/figure><figure class='gallery-item'>\n\t\t\t<div class='gallery-icon portrait'>\n\t\t\t\t<a data-title=\"Topos Atelier de Arquitectura - Lot. Merim (6)\" data-alt=\"\" href='https:\/\/toposatelier.com\/wp-content\/uploads\/2016\/06\/topos-atelier-de-arquitectura-lot.-merim-6.jpg'><img width=\"385\" height=\"385\" src=\"https:\/\/toposatelier.com\/wp-content\/uploads\/2016\/06\/topos-atelier-de-arquitectura-lot.-merim-6-385x385.jpg\" class=\"attachment-small-size-hard size-small-size-hard\" alt=\"\" decoding=\"async\" loading=\"lazy\" srcset=\"https:\/\/toposatelier.com\/wp-content\/uploads\/2016\/06\/topos-atelier-de-arquitectura-lot.-merim-6-385x385.jpg 385w, https:\/\/toposatelier.com\/wp-content\/uploads\/2016\/06\/topos-atelier-de-arquitectura-lot.-merim-6-300x300.jpg 300w, https:\/\/toposatelier.com\/wp-content\/uploads\/2016\/06\/topos-atelier-de-arquitectura-lot.-merim-6-100x100.jpg 100w, https:\/\/toposatelier.com\/wp-content\/uploads\/2016\/06\/topos-atelier-de-arquitectura-lot.-merim-6-150x150.jpg 150w\" sizes=\"(max-width: 385px) 100vw, 385px\" \/><\/a>\n\t\t\t<\/div><\/figure>\n\t\t<\/div>\n\n<p style=\"text-align: center;\">Le lotissement de Merim correspond \u00e0 la construction d\u2019un morceau de la ville. Habitations \u2013 immeubles et maisons en bande; Commerces \u2013 magasins et centre commercial; \u00c9quipements \u2013 parking, H\u00f4tel 100 chambres, Centre de Congr\u00e8s, Health-club, Piscine.<br \/>\nTout en recherchant une image unitaire pour toute l\u2019op\u00e9ration, par le traitement des fa\u00e7ades et l\u2019utilisation de certains mat\u00e9riaux, le projet pr\u00e9tend, par des solutions de continuit\u00e9, d\u2019alignements et de liaisons entre les \u00e9l\u00e9ments construits, tout en respectant les imp\u00e9ratifs de construction par phases, s\u2019opposer \u00e0 l\u2019\u00e9chantillonnage architectural de la p\u00e9riph\u00e9rie de la ville de Ponte de Lima et affirmer le caract\u00e8re urbain d\u2019un nouvel ensemble dans la continuit\u00e9 du tissu existant.<\/p>","protected":false},"excerpt":{"rendered":"<p>Le lotissement de Merim correspond \u00e0 la construction d\u2019un morceau de la ville. Habitations \u2013 immeubles et maisons en bande; Commerces \u2013 magasins et centre commercial; \u00c9quipements \u2013 parking, H\u00f4tel 100 chambres, Centre de Congr\u00e8s, Health-club, Piscine. Tout en recherchant une image unitaire pour toute l\u2019op\u00e9ration, par le traitement des fa\u00e7ades et l\u2019utilisation de certains..<\/p>\n","protected":false},"author":1,"featured_media":0,"parent":0,"menu_order":0,"comment_status":"closed","ping_status":"closed","template":"","meta":[],"_links":{"self":[{"href":"https:\/\/toposatelier.com\/fr\/wp-json\/wp\/v2\/pages\/2613"}],"collection":[{"href":"https:\/\/toposatelier.com\/fr\/wp-json\/wp\/v2\/pages"}],"about":[{"href":"https:\/\/toposatelier.com\/fr\/wp-json\/wp\/v2\/types\/page"}],"author":[{"embeddable":true,"href":"https:\/\/toposatelier.com\/fr\/wp-json\/wp\/v2\/users\/1"}],"replies":[{"embeddable":true,"href":"https:\/\/toposatelier.com\/fr\/wp-json\/wp\/v2\/comments?post=2613"}],"version-history":[{"count":1,"href":"https:\/\/toposatelier.com\/fr\/wp-json\/wp\/v2\/pages\/2613\/revisions"}],"predecessor-version":[{"id":2614,"href":"https:\/\/toposatelier.com\/fr\/wp-json\/wp\/v2\/pages\/2613\/revisions\/2614"}],"wp:attachment":[{"href":"https:\/\/toposatelier.com\/fr\/wp-json\/wp\/v2\/media?parent=2613"}],"curies":[{"name":"wp","href":"https:\/\/api.w.org\/{rel}","templated":true}]}}