{"id":2552,"date":"2016-10-25T09:32:59","date_gmt":"2016-10-25T09:32:59","guid":{"rendered":"http:\/\/toposatelier.com\/?page_id=2552"},"modified":"2016-10-25T09:32:59","modified_gmt":"2016-10-25T09:32:59","slug":"hotel-do-convento","status":"publish","type":"page","link":"https:\/\/toposatelier.com\/fr\/hotel-do-convento\/","title":{"rendered":"H\u00f4tel du Couvent"},"content":{"rendered":"<div id='gallery-0' class='gallery galleryid-2552 gallery-columns-4 gallery-size-small-size-hard'><figure class='gallery-item'>\n\t\t\t<div class='gallery-icon landscape'>\n\t\t\t\t<a data-title=\"Topos Atelier - Convento S. Pedro das \u00c1guias (1)\" data-alt=\"\" href='https:\/\/toposatelier.com\/wp-content\/uploads\/2016\/06\/topos-atelier-convento-s.-pedro-das-aguias-1-e1467135984150.jpg'><img width=\"385\" height=\"385\" src=\"https:\/\/toposatelier.com\/wp-content\/uploads\/2016\/06\/topos-atelier-convento-s.-pedro-das-aguias-1-e1467135984150-385x385.jpg\" class=\"attachment-small-size-hard size-small-size-hard\" alt=\"\" decoding=\"async\" loading=\"lazy\" srcset=\"https:\/\/toposatelier.com\/wp-content\/uploads\/2016\/06\/topos-atelier-convento-s.-pedro-das-aguias-1-e1467135984150-385x385.jpg 385w, https:\/\/toposatelier.com\/wp-content\/uploads\/2016\/06\/topos-atelier-convento-s.-pedro-das-aguias-1-e1467135984150-300x300.jpg 300w, https:\/\/toposatelier.com\/wp-content\/uploads\/2016\/06\/topos-atelier-convento-s.-pedro-das-aguias-1-e1467135984150-100x100.jpg 100w, https:\/\/toposatelier.com\/wp-content\/uploads\/2016\/06\/topos-atelier-convento-s.-pedro-das-aguias-1-e1467135984150-150x150.jpg 150w\" sizes=\"(max-width: 385px) 100vw, 385px\" \/><\/a>\n\t\t\t<\/div><\/figure><figure class='gallery-item'>\n\t\t\t<div class='gallery-icon portrait'>\n\t\t\t\t<a data-title=\"Topos Atelier - Convento S. Pedro das \u00c1guias (2)\" data-alt=\"\" href='https:\/\/toposatelier.com\/wp-content\/uploads\/2016\/06\/topos-atelier-convento-s.-pedro-das-aguias-2.jpg'><img width=\"385\" height=\"385\" src=\"https:\/\/toposatelier.com\/wp-content\/uploads\/2016\/06\/topos-atelier-convento-s.-pedro-das-aguias-2-385x385.jpg\" class=\"attachment-small-size-hard size-small-size-hard\" alt=\"\" decoding=\"async\" loading=\"lazy\" srcset=\"https:\/\/toposatelier.com\/wp-content\/uploads\/2016\/06\/topos-atelier-convento-s.-pedro-das-aguias-2-385x385.jpg 385w, https:\/\/toposatelier.com\/wp-content\/uploads\/2016\/06\/topos-atelier-convento-s.-pedro-das-aguias-2-300x300.jpg 300w, https:\/\/toposatelier.com\/wp-content\/uploads\/2016\/06\/topos-atelier-convento-s.-pedro-das-aguias-2-100x100.jpg 100w, https:\/\/toposatelier.com\/wp-content\/uploads\/2016\/06\/topos-atelier-convento-s.-pedro-das-aguias-2-150x150.jpg 150w\" sizes=\"(max-width: 385px) 100vw, 385px\" \/><\/a>\n\t\t\t<\/div><\/figure><figure class='gallery-item'>\n\t\t\t<div class='gallery-icon portrait'>\n\t\t\t\t<a data-title=\"Topos Atelier - Convento S. Pedro das \u00c1guias (3)\" data-alt=\"\" href='https:\/\/toposatelier.com\/wp-content\/uploads\/2016\/06\/topos-atelier-convento-s.-pedro-das-aguias-3.jpg'><img width=\"385\" height=\"385\" src=\"https:\/\/toposatelier.com\/wp-content\/uploads\/2016\/06\/topos-atelier-convento-s.-pedro-das-aguias-3-385x385.jpg\" class=\"attachment-small-size-hard size-small-size-hard\" alt=\"\" decoding=\"async\" loading=\"lazy\" srcset=\"https:\/\/toposatelier.com\/wp-content\/uploads\/2016\/06\/topos-atelier-convento-s.-pedro-das-aguias-3-385x385.jpg 385w, https:\/\/toposatelier.com\/wp-content\/uploads\/2016\/06\/topos-atelier-convento-s.-pedro-das-aguias-3-300x300.jpg 300w, https:\/\/toposatelier.com\/wp-content\/uploads\/2016\/06\/topos-atelier-convento-s.-pedro-das-aguias-3-100x100.jpg 100w, https:\/\/toposatelier.com\/wp-content\/uploads\/2016\/06\/topos-atelier-convento-s.-pedro-das-aguias-3-150x150.jpg 150w\" sizes=\"(max-width: 385px) 100vw, 385px\" \/><\/a>\n\t\t\t<\/div><\/figure><figure class='gallery-item'>\n\t\t\t<div class='gallery-icon portrait'>\n\t\t\t\t<a data-title=\"Topos Atelier - Convento S. Pedro das \u00c1guias (4)\" data-alt=\"\" href='https:\/\/toposatelier.com\/wp-content\/uploads\/2016\/06\/topos-atelier-convento-s.-pedro-das-aguias-4.jpg'><img width=\"385\" height=\"385\" src=\"https:\/\/toposatelier.com\/wp-content\/uploads\/2016\/06\/topos-atelier-convento-s.-pedro-das-aguias-4-385x385.jpg\" class=\"attachment-small-size-hard size-small-size-hard\" alt=\"\" decoding=\"async\" loading=\"lazy\" srcset=\"https:\/\/toposatelier.com\/wp-content\/uploads\/2016\/06\/topos-atelier-convento-s.-pedro-das-aguias-4-385x385.jpg 385w, https:\/\/toposatelier.com\/wp-content\/uploads\/2016\/06\/topos-atelier-convento-s.-pedro-das-aguias-4-300x300.jpg 300w, https:\/\/toposatelier.com\/wp-content\/uploads\/2016\/06\/topos-atelier-convento-s.-pedro-das-aguias-4-100x100.jpg 100w, https:\/\/toposatelier.com\/wp-content\/uploads\/2016\/06\/topos-atelier-convento-s.-pedro-das-aguias-4-150x150.jpg 150w\" sizes=\"(max-width: 385px) 100vw, 385px\" \/><\/a>\n\t\t\t<\/div><\/figure>\n\t\t<\/div>\n\n<p style=\"text-align: center;\">Situ\u00e9 en bordure du T\u00e1vora, affluent du Douro\u2026 Au coeur du Alto Douro, r\u00e9gion au relief escarp\u00e9\u2026 accroch\u00e9 au versant\u2026 le Couvent de S\u00e3o Pedro das \u00c1guias est, depuis le XI\u00e8me si\u00e8cle, l\u2019objet de nombreuses transformations.<br \/>\nAujourd\u2019hui, le motif de l\u2019intervention est la cr\u00e9ation d\u2019un complexe touristique et h\u00f4telier de luxe, d\u2019initiative priv\u00e9e.<br \/>\nLe projet cherche \u00e0 manipuler la temporalit\u00e9 contenue dans l\u2019accumulation, la juxtaposition et la dissociation d\u2019\u00e9l\u00e9ments existants construits, afin d\u2018exprimer de nouvelles images \u00abarchitecturales\u00bb.<br \/>\nPar la d\u00e9molition et la construction, le but est de jouer de la \u201cstratification historique\u201d. L\u2019enceinte est maintenue; la forme devient abstraction\u2026<br \/>\nPendant l\u2019\u00e9tude du projet, a \u00e9t\u00e9 fix\u00e9 au mur de l\u2019atelier un texte d\u2019Alain Del\u00f4tre: \u201cRelations du sens\u201d.<\/p>","protected":false},"excerpt":{"rendered":"<p>Situ\u00e9 en bordure du T\u00e1vora, affluent du Douro\u2026 Au coeur du Alto Douro, r\u00e9gion au relief escarp\u00e9\u2026 accroch\u00e9 au versant\u2026 le Couvent de S\u00e3o Pedro das \u00c1guias est, depuis le XI\u00e8me si\u00e8cle, l\u2019objet de nombreuses transformations. Aujourd\u2019hui, le motif de l\u2019intervention est la cr\u00e9ation d\u2019un complexe touristique et h\u00f4telier de luxe, d\u2019initiative priv\u00e9e. Le projet..<\/p>\n","protected":false},"author":1,"featured_media":0,"parent":0,"menu_order":0,"comment_status":"closed","ping_status":"closed","template":"","meta":[],"_links":{"self":[{"href":"https:\/\/toposatelier.com\/fr\/wp-json\/wp\/v2\/pages\/2552"}],"collection":[{"href":"https:\/\/toposatelier.com\/fr\/wp-json\/wp\/v2\/pages"}],"about":[{"href":"https:\/\/toposatelier.com\/fr\/wp-json\/wp\/v2\/types\/page"}],"author":[{"embeddable":true,"href":"https:\/\/toposatelier.com\/fr\/wp-json\/wp\/v2\/users\/1"}],"replies":[{"embeddable":true,"href":"https:\/\/toposatelier.com\/fr\/wp-json\/wp\/v2\/comments?post=2552"}],"version-history":[{"count":1,"href":"https:\/\/toposatelier.com\/fr\/wp-json\/wp\/v2\/pages\/2552\/revisions"}],"predecessor-version":[{"id":2553,"href":"https:\/\/toposatelier.com\/fr\/wp-json\/wp\/v2\/pages\/2552\/revisions\/2553"}],"wp:attachment":[{"href":"https:\/\/toposatelier.com\/fr\/wp-json\/wp\/v2\/media?parent=2552"}],"curies":[{"name":"wp","href":"https:\/\/api.w.org\/{rel}","templated":true}]}}