{"id":2548,"date":"2016-10-25T09:28:30","date_gmt":"2016-10-25T09:28:30","guid":{"rendered":"http:\/\/toposatelier.com\/?page_id=2548"},"modified":"2016-10-25T09:28:30","modified_gmt":"2016-10-25T09:28:30","slug":"eta-lever-laboratorios","status":"publish","type":"page","link":"https:\/\/toposatelier.com\/fr\/eta-lever-laboratorios\/","title":{"rendered":"Laboratoire de l\u2019E.T.A"},"content":{"rendered":"<div id='gallery-0' class='gallery galleryid-2548 gallery-columns-4 gallery-size-small-size-hard'><figure class='gallery-item'>\n\t\t\t<div class='gallery-icon landscape'>\n\t\t\t\t<a data-title=\"Topos Atelier - ETA Lever (1)\" data-alt=\"\" href='https:\/\/toposatelier.com\/wp-content\/uploads\/2016\/06\/topos-atelier-eta-lever-1-e1467135787889.jpg'><img width=\"385\" height=\"385\" src=\"https:\/\/toposatelier.com\/wp-content\/uploads\/2016\/06\/topos-atelier-eta-lever-1-e1467135787889-385x385.jpg\" class=\"attachment-small-size-hard size-small-size-hard\" alt=\"\" decoding=\"async\" loading=\"lazy\" srcset=\"https:\/\/toposatelier.com\/wp-content\/uploads\/2016\/06\/topos-atelier-eta-lever-1-e1467135787889-385x385.jpg 385w, https:\/\/toposatelier.com\/wp-content\/uploads\/2016\/06\/topos-atelier-eta-lever-1-e1467135787889-300x300.jpg 300w, https:\/\/toposatelier.com\/wp-content\/uploads\/2016\/06\/topos-atelier-eta-lever-1-e1467135787889-100x100.jpg 100w, https:\/\/toposatelier.com\/wp-content\/uploads\/2016\/06\/topos-atelier-eta-lever-1-e1467135787889-150x150.jpg 150w\" sizes=\"(max-width: 385px) 100vw, 385px\" \/><\/a>\n\t\t\t<\/div><\/figure><figure class='gallery-item'>\n\t\t\t<div class='gallery-icon landscape'>\n\t\t\t\t<a data-title=\"Topos Atelier - ETA Lever (2)\" data-alt=\"\" href='https:\/\/toposatelier.com\/wp-content\/uploads\/2016\/06\/topos-atelier-eta-lever-2.jpg'><img width=\"385\" height=\"385\" src=\"https:\/\/toposatelier.com\/wp-content\/uploads\/2016\/06\/topos-atelier-eta-lever-2-385x385.jpg\" class=\"attachment-small-size-hard size-small-size-hard\" alt=\"\" decoding=\"async\" loading=\"lazy\" srcset=\"https:\/\/toposatelier.com\/wp-content\/uploads\/2016\/06\/topos-atelier-eta-lever-2-385x385.jpg 385w, https:\/\/toposatelier.com\/wp-content\/uploads\/2016\/06\/topos-atelier-eta-lever-2-300x300.jpg 300w, https:\/\/toposatelier.com\/wp-content\/uploads\/2016\/06\/topos-atelier-eta-lever-2-100x100.jpg 100w, https:\/\/toposatelier.com\/wp-content\/uploads\/2016\/06\/topos-atelier-eta-lever-2-150x150.jpg 150w\" sizes=\"(max-width: 385px) 100vw, 385px\" \/><\/a>\n\t\t\t<\/div><\/figure><figure class='gallery-item'>\n\t\t\t<div class='gallery-icon landscape'>\n\t\t\t\t<a data-title=\"Topos Atelier - ETA Lever (3)\" data-alt=\"\" href='https:\/\/toposatelier.com\/wp-content\/uploads\/2016\/06\/topos-atelier-eta-lever-3.jpg'><img width=\"385\" height=\"385\" src=\"https:\/\/toposatelier.com\/wp-content\/uploads\/2016\/06\/topos-atelier-eta-lever-3-385x385.jpg\" class=\"attachment-small-size-hard size-small-size-hard\" alt=\"\" decoding=\"async\" loading=\"lazy\" srcset=\"https:\/\/toposatelier.com\/wp-content\/uploads\/2016\/06\/topos-atelier-eta-lever-3-385x385.jpg 385w, https:\/\/toposatelier.com\/wp-content\/uploads\/2016\/06\/topos-atelier-eta-lever-3-300x300.jpg 300w, https:\/\/toposatelier.com\/wp-content\/uploads\/2016\/06\/topos-atelier-eta-lever-3-100x100.jpg 100w, https:\/\/toposatelier.com\/wp-content\/uploads\/2016\/06\/topos-atelier-eta-lever-3-150x150.jpg 150w\" sizes=\"(max-width: 385px) 100vw, 385px\" \/><\/a>\n\t\t\t<\/div><\/figure><figure class='gallery-item'>\n\t\t\t<div class='gallery-icon landscape'>\n\t\t\t\t<a data-title=\"Topos Atelier - ETA Lever (4)\" data-alt=\"\" href='https:\/\/toposatelier.com\/wp-content\/uploads\/2016\/06\/topos-atelier-eta-lever-4.jpg'><img width=\"385\" height=\"385\" src=\"https:\/\/toposatelier.com\/wp-content\/uploads\/2016\/06\/topos-atelier-eta-lever-4-385x385.jpg\" class=\"attachment-small-size-hard size-small-size-hard\" alt=\"\" decoding=\"async\" loading=\"lazy\" srcset=\"https:\/\/toposatelier.com\/wp-content\/uploads\/2016\/06\/topos-atelier-eta-lever-4-385x385.jpg 385w, https:\/\/toposatelier.com\/wp-content\/uploads\/2016\/06\/topos-atelier-eta-lever-4-300x300.jpg 300w, https:\/\/toposatelier.com\/wp-content\/uploads\/2016\/06\/topos-atelier-eta-lever-4-100x100.jpg 100w, https:\/\/toposatelier.com\/wp-content\/uploads\/2016\/06\/topos-atelier-eta-lever-4-150x150.jpg 150w\" sizes=\"(max-width: 385px) 100vw, 385px\" \/><\/a>\n\t\t\t<\/div><\/figure>\n\t\t<\/div>\n\n<p style=\"text-align: center;\">Le projet, issu d\u2019un concours restreint pour l\u2019ex\u00e9cution des b\u00e2timents d\u2019exploitation de l\u2019 ETA (usine de traitement des eaux) \u00e0 Lever, s\u00b4est r\u00e9v\u00e9l\u00e9 d\u2019une complexit\u00e9 insoup\u00e7onn\u00e9e.<br \/>\nL\u2019objectif \u00e9tait l\u2019int\u00e9gration des \u00e9difices d\u2019exploitation dans le paysage naturel, o\u00f9 devait, parall\u00e8lement au projet, venir s\u2019ins\u00e9rer les infrastructures de l\u2019ETA.<br \/>\nUn retour sur le site a valid\u00e9 notre premi\u00e8re impression: le paysage nous est apparu comme une toile, o\u00f9 s\u2019\u00e9quilibrait horizontalement les plans monochromatiques du versant et du fleuve, cousus au centre par le graphisme lin\u00e9aire des b\u00e2timents en construction.<br \/>\nDe retour \u00e0 l\u2019atelier nous \u00e9tions convaincus que, dans certains contextes, il \u00e9tait pr\u00e9f\u00e9rable de ne pas manifester d\u2019originalit\u00e9\u2026<br \/>\n\u201cEn v\u00e9rit\u00e9, il y a en m\u00eame temps quantit\u00e9 insuffisante et excessive d\u2019Architecture.<br \/>\nInsuffisante pour l\u2019essentiel, excessive pour le futile.<br \/>\nInsuffisante dans l\u2019\u00e9l\u00e9mentaire et excessive dans le maquillage g\u00e9n\u00e9ralis\u00e9 que l\u2019on nomme aujourd\u2019hui Architecture\u201d (Paul Chemetov).<br \/>\nInd\u00e9pendamment de l\u2019annulation du concours (changement des options programmatiques du promoteur), en reconnaissance du travail pr\u00e9sent\u00e9, il nous a \u00e9t\u00e9 remis le projet des Laboratoires.<\/p>","protected":false},"excerpt":{"rendered":"<p>Le projet, issu d\u2019un concours restreint pour l\u2019ex\u00e9cution des b\u00e2timents d\u2019exploitation de l\u2019 ETA (usine de traitement des eaux) \u00e0 Lever, s\u00b4est r\u00e9v\u00e9l\u00e9 d\u2019une complexit\u00e9 insoup\u00e7onn\u00e9e. L\u2019objectif \u00e9tait l\u2019int\u00e9gration des \u00e9difices d\u2019exploitation dans le paysage naturel, o\u00f9 devait, parall\u00e8lement au projet, venir s\u2019ins\u00e9rer les infrastructures de l\u2019ETA. Un retour sur le site a valid\u00e9 notre..<\/p>\n","protected":false},"author":1,"featured_media":0,"parent":0,"menu_order":0,"comment_status":"closed","ping_status":"closed","template":"","meta":[],"_links":{"self":[{"href":"https:\/\/toposatelier.com\/fr\/wp-json\/wp\/v2\/pages\/2548"}],"collection":[{"href":"https:\/\/toposatelier.com\/fr\/wp-json\/wp\/v2\/pages"}],"about":[{"href":"https:\/\/toposatelier.com\/fr\/wp-json\/wp\/v2\/types\/page"}],"author":[{"embeddable":true,"href":"https:\/\/toposatelier.com\/fr\/wp-json\/wp\/v2\/users\/1"}],"replies":[{"embeddable":true,"href":"https:\/\/toposatelier.com\/fr\/wp-json\/wp\/v2\/comments?post=2548"}],"version-history":[{"count":1,"href":"https:\/\/toposatelier.com\/fr\/wp-json\/wp\/v2\/pages\/2548\/revisions"}],"predecessor-version":[{"id":2549,"href":"https:\/\/toposatelier.com\/fr\/wp-json\/wp\/v2\/pages\/2548\/revisions\/2549"}],"wp:attachment":[{"href":"https:\/\/toposatelier.com\/fr\/wp-json\/wp\/v2\/media?parent=2548"}],"curies":[{"name":"wp","href":"https:\/\/api.w.org\/{rel}","templated":true}]}}