{"id":2540,"date":"2016-10-24T17:14:22","date_gmt":"2016-10-24T17:14:22","guid":{"rendered":"http:\/\/toposatelier.com\/?page_id=2540"},"modified":"2016-10-24T17:14:22","modified_gmt":"2016-10-24T17:14:22","slug":"ourivesaria-oliveira","status":"publish","type":"page","link":"https:\/\/toposatelier.com\/fr\/ourivesaria-oliveira\/","title":{"rendered":"Bijouterie Oliveira"},"content":{"rendered":"<div id='gallery-0' class='gallery galleryid-2540 gallery-columns-3 gallery-size-small-size-hard'><figure class='gallery-item'>\n\t\t\t<div class='gallery-icon portrait'>\n\t\t\t\t<a data-title=\"Ourivesaria Oliveira (1)\" data-alt=\"\" href='https:\/\/toposatelier.com\/wp-content\/uploads\/2016\/07\/ourivesaria-oliveira-1.jpg'><img width=\"385\" height=\"385\" src=\"https:\/\/toposatelier.com\/wp-content\/uploads\/2016\/07\/ourivesaria-oliveira-1-385x385.jpg\" class=\"attachment-small-size-hard size-small-size-hard\" alt=\"\" decoding=\"async\" loading=\"lazy\" srcset=\"https:\/\/toposatelier.com\/wp-content\/uploads\/2016\/07\/ourivesaria-oliveira-1-385x385.jpg 385w, https:\/\/toposatelier.com\/wp-content\/uploads\/2016\/07\/ourivesaria-oliveira-1-300x300.jpg 300w, https:\/\/toposatelier.com\/wp-content\/uploads\/2016\/07\/ourivesaria-oliveira-1-100x100.jpg 100w, https:\/\/toposatelier.com\/wp-content\/uploads\/2016\/07\/ourivesaria-oliveira-1-150x150.jpg 150w\" sizes=\"(max-width: 385px) 100vw, 385px\" \/><\/a>\n\t\t\t<\/div><\/figure><figure class='gallery-item'>\n\t\t\t<div class='gallery-icon portrait'>\n\t\t\t\t<a data-title=\"Ourivesaria Oliveira (2)\" data-alt=\"\" href='https:\/\/toposatelier.com\/wp-content\/uploads\/2016\/07\/ourivesaria-oliveira-2.jpg'><img width=\"385\" height=\"385\" src=\"https:\/\/toposatelier.com\/wp-content\/uploads\/2016\/07\/ourivesaria-oliveira-2-385x385.jpg\" class=\"attachment-small-size-hard size-small-size-hard\" alt=\"\" decoding=\"async\" loading=\"lazy\" srcset=\"https:\/\/toposatelier.com\/wp-content\/uploads\/2016\/07\/ourivesaria-oliveira-2-385x385.jpg 385w, https:\/\/toposatelier.com\/wp-content\/uploads\/2016\/07\/ourivesaria-oliveira-2-300x300.jpg 300w, https:\/\/toposatelier.com\/wp-content\/uploads\/2016\/07\/ourivesaria-oliveira-2-100x100.jpg 100w, https:\/\/toposatelier.com\/wp-content\/uploads\/2016\/07\/ourivesaria-oliveira-2-150x150.jpg 150w\" sizes=\"(max-width: 385px) 100vw, 385px\" \/><\/a>\n\t\t\t<\/div><\/figure><figure class='gallery-item'>\n\t\t\t<div class='gallery-icon portrait'>\n\t\t\t\t<a data-title=\"Ourivesaria Oliveira (3)\" data-alt=\"\" href='https:\/\/toposatelier.com\/wp-content\/uploads\/2016\/07\/ourivesaria-oliveira-3.jpg'><img width=\"385\" height=\"385\" src=\"https:\/\/toposatelier.com\/wp-content\/uploads\/2016\/07\/ourivesaria-oliveira-3-385x385.jpg\" class=\"attachment-small-size-hard size-small-size-hard\" alt=\"\" decoding=\"async\" loading=\"lazy\" srcset=\"https:\/\/toposatelier.com\/wp-content\/uploads\/2016\/07\/ourivesaria-oliveira-3-385x385.jpg 385w, https:\/\/toposatelier.com\/wp-content\/uploads\/2016\/07\/ourivesaria-oliveira-3-300x300.jpg 300w, https:\/\/toposatelier.com\/wp-content\/uploads\/2016\/07\/ourivesaria-oliveira-3-100x100.jpg 100w, https:\/\/toposatelier.com\/wp-content\/uploads\/2016\/07\/ourivesaria-oliveira-3-150x150.jpg 150w\" sizes=\"(max-width: 385px) 100vw, 385px\" \/><\/a>\n\t\t\t<\/div><\/figure>\n\t\t<\/div>\n\n<p style=\"text-align: center;\">Pr\u00e9server et actualiser l\u2019image de la boutique, rationnaliser son fonctionnement et optimiser un espace exigu, constituaient les priorit\u00e9s majeures de cette ancienne bijouterie.<br \/>\nL\u2019excellence du menuisier permit un travail \u00e0 partir de croquis, pour adapter le mobilier et les vitrines \u00e0 la complexit\u00e9 de l\u2019enveloppe.<br \/>\nEn fa\u00e7ade, le granit vert du Br\u00e9sil f\u00fbt conserv\u00e9, tandis qu\u2019\u00e0 l\u2019int\u00e9rieur un miroir double l\u2019espace.<\/p>","protected":false},"excerpt":{"rendered":"<p>Pr\u00e9server et actualiser l\u2019image de la boutique, rationnaliser son fonctionnement et optimiser un espace exigu, constituaient les priorit\u00e9s majeures de cette ancienne bijouterie. L\u2019excellence du menuisier permit un travail \u00e0 partir de croquis, pour adapter le mobilier et les vitrines \u00e0 la complexit\u00e9 de l\u2019enveloppe. En fa\u00e7ade, le granit vert du Br\u00e9sil f\u00fbt conserv\u00e9, tandis..<\/p>\n","protected":false},"author":1,"featured_media":0,"parent":0,"menu_order":0,"comment_status":"closed","ping_status":"closed","template":"","meta":[],"_links":{"self":[{"href":"https:\/\/toposatelier.com\/fr\/wp-json\/wp\/v2\/pages\/2540"}],"collection":[{"href":"https:\/\/toposatelier.com\/fr\/wp-json\/wp\/v2\/pages"}],"about":[{"href":"https:\/\/toposatelier.com\/fr\/wp-json\/wp\/v2\/types\/page"}],"author":[{"embeddable":true,"href":"https:\/\/toposatelier.com\/fr\/wp-json\/wp\/v2\/users\/1"}],"replies":[{"embeddable":true,"href":"https:\/\/toposatelier.com\/fr\/wp-json\/wp\/v2\/comments?post=2540"}],"version-history":[{"count":1,"href":"https:\/\/toposatelier.com\/fr\/wp-json\/wp\/v2\/pages\/2540\/revisions"}],"predecessor-version":[{"id":2541,"href":"https:\/\/toposatelier.com\/fr\/wp-json\/wp\/v2\/pages\/2540\/revisions\/2541"}],"wp:attachment":[{"href":"https:\/\/toposatelier.com\/fr\/wp-json\/wp\/v2\/media?parent=2540"}],"curies":[{"name":"wp","href":"https:\/\/api.w.org\/{rel}","templated":true}]}}