{"id":1553,"date":"2016-06-30T11:21:54","date_gmt":"2016-06-30T11:21:54","guid":{"rendered":"http:\/\/toposatelier.com\/?page_id=1553"},"modified":"2022-11-23T11:38:53","modified_gmt":"2022-11-23T11:38:53","slug":"margarida-oliveira","status":"publish","type":"page","link":"https:\/\/toposatelier.com\/fr\/margarida-oliveira\/","title":{"rendered":"Margarida Oliveira"},"content":{"rendered":"<img decoding=\"async\" loading=\"lazy\" class=\"alignnone wp-image-3071 size-full\" src=\"http:\/\/toposatelier.com\/wp-content\/uploads\/2016\/06\/moa-copia-e1477928945284-300x300-1.jpg\" width=\"300\" height=\"300\" srcset=\"https:\/\/toposatelier.com\/wp-content\/uploads\/2016\/06\/moa-copia-e1477928945284-300x300-1.jpg 300w, https:\/\/toposatelier.com\/wp-content\/uploads\/2016\/06\/moa-copia-e1477928945284-300x300-1-100x100.jpg 100w, https:\/\/toposatelier.com\/wp-content\/uploads\/2016\/06\/moa-copia-e1477928945284-300x300-1-150x150.jpg 150w\" sizes=\"(max-width: 300px) 100vw, 300px\" \/><\/p>\n<h4>MARGARIDA OLIVEIRA<\/h4>\n<address>Architecte DPLG<\/address>\n<p>N\u00e9e en 1959 \u00e0 Braga (Portugal). Dipl\u00f4me d\u00b4Architecte D.P.L.G. par l&rsquo;\u00c9cole d\u2019Architecture de Nantes en 1983. Collaboratrice de 1981 \u00e0 1982 dans l\u2019atelier de l&rsquo;Architecte Michel Cormier, de 1983 \u00e0 1984 \u00e0 l\u2019AIA (Architectes Ing\u00e9nieurs Associ\u00e9s), de 1984 \u00e0 1986 dans l\u2019atelier de l&rsquo;Architecte Jean Marie L\u00e9pinay, \u00e0 Nantes. Dirige, avec son mari Jean Pierre Porcher, son propre atelier, Topos \u2013 Atelier de Arquitectura, Lda., \u00e0 Braga, depuis 1986.<br \/>\nMembre correspondant de la Soci\u00e9t\u00e9 Fran\u00e7aise des Architectes.","protected":false},"excerpt":{"rendered":"<p>MARGARIDA OLIVEIRA Architecte DPLG N\u00e9e en 1959 \u00e0 Braga (Portugal). Dipl\u00f4me d\u00b4Architecte D.P.L.G. par l&rsquo;\u00c9cole d\u2019Architecture de Nantes en 1983. Collaboratrice de 1981 \u00e0 1982 dans l\u2019atelier de l&rsquo;Architecte Michel Cormier, de 1983 \u00e0 1984 \u00e0 l\u2019AIA (Architectes Ing\u00e9nieurs Associ\u00e9s), de 1984 \u00e0 1986 dans l\u2019atelier de l&rsquo;Architecte Jean Marie L\u00e9pinay, \u00e0 Nantes. Dirige, avec..<\/p>\n","protected":false},"author":1,"featured_media":0,"parent":0,"menu_order":0,"comment_status":"closed","ping_status":"closed","template":"","meta":[],"_links":{"self":[{"href":"https:\/\/toposatelier.com\/fr\/wp-json\/wp\/v2\/pages\/1553"}],"collection":[{"href":"https:\/\/toposatelier.com\/fr\/wp-json\/wp\/v2\/pages"}],"about":[{"href":"https:\/\/toposatelier.com\/fr\/wp-json\/wp\/v2\/types\/page"}],"author":[{"embeddable":true,"href":"https:\/\/toposatelier.com\/fr\/wp-json\/wp\/v2\/users\/1"}],"replies":[{"embeddable":true,"href":"https:\/\/toposatelier.com\/fr\/wp-json\/wp\/v2\/comments?post=1553"}],"version-history":[{"count":10,"href":"https:\/\/toposatelier.com\/fr\/wp-json\/wp\/v2\/pages\/1553\/revisions"}],"predecessor-version":[{"id":4063,"href":"https:\/\/toposatelier.com\/fr\/wp-json\/wp\/v2\/pages\/1553\/revisions\/4063"}],"wp:attachment":[{"href":"https:\/\/toposatelier.com\/fr\/wp-json\/wp\/v2\/media?parent=1553"}],"curies":[{"name":"wp","href":"https:\/\/api.w.org\/{rel}","templated":true}]}}