{"id":130,"date":"2014-12-10T10:43:54","date_gmt":"2014-12-10T10:43:54","guid":{"rendered":"http:\/\/pixelgrade.com\/demos\/mies\/?page_id=130"},"modified":"2022-11-23T11:43:32","modified_gmt":"2022-11-23T11:43:32","slug":"o-atelier","status":"publish","type":"page","link":"https:\/\/toposatelier.com\/fr\/o-atelier\/","title":{"rendered":"L&rsquo;Atelier"},"content":{"rendered":"<div class=\"pixcode  pixcode--grid  grid  \">\n\n<div class=\"grid__item lap-six-twelfths\">\n\n<p style=\"text-align: center;\">Depuis 1987, date de sa cr\u00e9ation \u00e0 l\u2019initiative de Jean Pierre Porcher et de Margarida Oliveira, Topos Atelier de Arquitectura r\u00e9uni\u00a0une \u00e9quipe pluridisciplinaire qui poss\u00e8de une grande exp\u00e9rience \u00a0dans la r\u00e9alisation de projets de diff\u00e9rentes \u00e9chelles dans les domaines de l&rsquo;architecture et de l&rsquo;am\u00e9nagement du territoire.<\/p>\n\n<\/div>\n\n<div class=\"grid__item lap-six-twelfths\">\n\n<p style=\"text-align: center;\">Au cours des 30 derni\u00e8res ann\u00e9es, la production de l&rsquo;Atelier qui repose sur trois principes: int\u00e9gration, simplicit\u00e9 et qualit\u00e9 constructive &#8211; a \u00e9t\u00e9 largement reconnue, publi\u00e9e et prim\u00e9e au niveau national et international, permettant \u00e0 l&rsquo;Atelier de d\u00e9velopper sont\u00a0activit\u00e9 sur\u00a0le territoire\u00a0et hors fronti\u00e8res.<\/p>\n\n<\/div>\n\n\n<\/div>\n\n<hr \/>\n<h4 style=\"text-align: center;\">l&rsquo;equipe<\/h4>\n<div class=\"pixcode  pixcode--grid  grid  \">\n\n<div class=\"grid__item lap-four-twelfths\">\n\n<a href=\"http:\/\/toposatelier.com\/jean-pierre-porcher\/\"><img decoding=\"async\" loading=\"lazy\" class=\"alignnone wp-image-3065 size-full\" src=\"http:\/\/toposatelier.com\/wp-content\/uploads\/2014\/12\/topos03-e1477929713137-300x300-1.jpg\" alt=\"topos03-e1477929713137-300x300\" width=\"250\" height=\"250\" srcset=\"https:\/\/toposatelier.com\/wp-content\/uploads\/2014\/12\/topos03-e1477929713137-300x300-1.jpg 300w, https:\/\/toposatelier.com\/wp-content\/uploads\/2014\/12\/topos03-e1477929713137-300x300-1-100x100.jpg 100w, https:\/\/toposatelier.com\/wp-content\/uploads\/2014\/12\/topos03-e1477929713137-300x300-1-150x150.jpg 150w\" sizes=\"(max-width: 250px) 100vw, 250px\" \/><\/a><\/p>\n<h4><a href=\"http:\/\/toposatelier.com\/jean-pierre-porcher\/\">JEAN PIERRE PORCHER<\/a><\/h4>\n<address>Architecte DPLG<\/address>\n\n<\/div>\n\n<div class=\"grid__item lap-four-twelfths\">\n\n<p><a href=\"http:\/\/toposatelier.com\/margarida-oliveira\/\"><img decoding=\"async\" loading=\"lazy\" class=\"alignnone wp-image-3063 size-full\" src=\"http:\/\/toposatelier.com\/wp-content\/uploads\/2014\/12\/moa-e1477928610523-300x300-1.jpg\" width=\"250\" height=\"250\" srcset=\"https:\/\/toposatelier.com\/wp-content\/uploads\/2014\/12\/moa-e1477928610523-300x300-1.jpg 300w, https:\/\/toposatelier.com\/wp-content\/uploads\/2014\/12\/moa-e1477928610523-300x300-1-100x100.jpg 100w, https:\/\/toposatelier.com\/wp-content\/uploads\/2014\/12\/moa-e1477928610523-300x300-1-150x150.jpg 150w\" sizes=\"(max-width: 250px) 100vw, 250px\" \/><\/a><\/p>\n<h4><a href=\"http:\/\/toposatelier.com\/margarida-oliveira\/\">MARGARIDA OLIVEIRA<\/a><\/h4>\n<address>Architecte DPLG<\/address>\n\n<\/div>\n\n<div class=\"grid__item lap-four-twelfths\">\n\n<p><a href=\"http:\/\/toposatelier.com\/albino-freitas\/\"><img decoding=\"async\" loading=\"lazy\" class=\"alignnone wp-image-3064 size-full\" src=\"http:\/\/toposatelier.com\/wp-content\/uploads\/2014\/12\/afa-e1477928721871-300x300-1.jpg\" width=\"250\" height=\"250\" srcset=\"https:\/\/toposatelier.com\/wp-content\/uploads\/2014\/12\/afa-e1477928721871-300x300-1.jpg 300w, https:\/\/toposatelier.com\/wp-content\/uploads\/2014\/12\/afa-e1477928721871-300x300-1-100x100.jpg 100w, https:\/\/toposatelier.com\/wp-content\/uploads\/2014\/12\/afa-e1477928721871-300x300-1-150x150.jpg 150w\" sizes=\"(max-width: 250px) 100vw, 250px\" \/><\/a><\/p>\n<h4><a href=\"http:\/\/toposatelier.com\/albino-freitas\/\">ALBINO FREITAS<\/a><\/h4>\n<address>Architecte DPLG<\/address>\n\n<\/div>\n\n<div class=\"grid__item lap-four-twelfths\">\n\n<\/div>\n\n\n<\/div>\n\n<hr \/>\n<div class=\"pixcode  pixcode--grid  grid  \">\n\n<div class=\"grid__item lap-six-twelfths\">\n\n<h4 style=\"text-align: center;\">Collaborateurs<\/h4>\n<p class=\"smaller\" style=\"text-align: center;\">Le nombre de collaborateurs de l&rsquo;Atelier est variable.<br \/>\nPour s&rsquo;adapter\u00a0\u00e0 la demande, les associations avec des collaborateurs ext\u00e9rieurs sont r\u00e9alis\u00e9es et g\u00e9r\u00e9es par un architecte de l\u2019Atelier en fonction des sp\u00e9cificit\u00e9s de chaque projet.<\/p>\n\n<\/div>\n\n<div class=\"grid__item lap-six-twelfths\">\n\n<h4 style=\"text-align: center;\">CANDIDATures<\/h4>\n<p style=\"text-align: center;\">Vous pouvez envoyer votre candidature pour des futurs postes vacants.<br \/>\nActuellement, l&rsquo;\u00e9quipe de l&rsquo;Atelier est au complet.<\/p>\n\n<\/div>\n\n\n<\/div>\n\n<hr \/>\n<h4 style=\"text-align: center;\">Consultation<\/h4>\n<p style=\"text-align: center;\">L\u2019Atelier dispose \u00e9galement d\u2019un service de consultation. En fonction de chaque demande nous pouvons \u00e9tablir un devis pour vous conseiller, \u00e9laborer un dessin ou r\u00e9aliser tout autre service dans les domaines de l\u2019architecture.<\/p>\n<hr \/>\n<h4 style=\"text-align: center;\">le\u00a0SITE<\/h4>\n<p style=\"text-align: center;\">Ce site est actualis\u00e9 p\u00e9riodiquement; il pr\u00e9sente seulement des projets construits, sauf mention et n\u2019illustre qu\u2019une partie de la production de l\u2019Atelier.<br \/>\nToutes les photographies de r\u00e9alisations pr\u00e9sent\u00e9es sur ce site sont des photographes Xavier Antunes, Juan Rodriguez, Laurent Ardhouin et Jo\u00e3o Morgado ou du propre atelier.<br \/>\nLes commentaires relatifs \u00e0 notre site seront les bienvenus. Nous remercions par avance que leur envoi soit effectu\u00e9 par courrier \u00e9lectronique.<\/p>\n<hr \/>\n<h4 style=\"text-align: center;\">LINKS<\/h4>\n<p style=\"text-align: center;\"><a title=\"facebook.com\/toposatelier\" href=\"http:\/\/www.facebook.com\/toposatelier\" target=\"_blank\" rel=\"noopener\">www.facebook.com\/toposatelier<\/a><br \/>\n<a title=\"portuguese-architects.com\" href=\"http:\/\/www.portuguese-architects.com\/pt\/topos\/pt\/domain:portuguese-architects.com\/catId:1\/\" target=\"_blank\" rel=\"noopener\">www.portuguese-architects.com<\/a><br \/>\n<a title=\"world-architects.com\" href=\"http:\/\/www.world-architects.com\/en\/topos\/source:search\/index:3\/count:31?sections=&amp;term=topos\" target=\"_blank\" rel=\"noopener\">www.world-architects.com<\/a><br \/>\n<a title=\"juanrodriguezphotography.com\" href=\"http:\/\/www.juanrodriguezphotography.com\/proyectos.htm?id=209\" target=\"_blank\" rel=\"noopener\">www.juanrodriguezphotography.com\/toposatelier<\/a><br \/>\n<a title=\"archdaily.com\" href=\"http:\/\/www.archdaily.com\/tag\/topos-atelier-de-arquitectura\" target=\"_blank\" rel=\"noopener\">www.archdaily.com<\/a><br \/>\n<a title=\"archdaily.com.br\" href=\"http:\/\/www.archdaily.com.br\/tag\/topos-atelier-de-arquitectura\" target=\"_blank\" rel=\"noopener\">www.archdaily.com.br<\/a><br \/>\n<a title=\"archello.com\" href=\"http:\/\/www.archello.com\/en\/company\/topos-atelier-de-arquitectura-lda\" target=\"_blank\" rel=\"noopener\">www.archello.com<\/a><br \/>\n<a title=\"architizer.com\" href=\"http:\/\/www.architizer.com\/en_us\/firms\/view\/topos-atelier-de-arquitectura-lda_\/23591\/?sr=1#.UZH3ybXFXXI\" target=\"_blank\" rel=\"noopener\">www.architizer.com<\/a><br \/>\n<a title=\"architopik.lemoniteur.fr\" href=\"http:\/\/architopik.lemoniteur.fr\/index.php\/maitre-oeuvre\/topos_atelier_de_arquitectura_lda\/13792\" target=\"_blank\" rel=\"noopener\">www.architopik.lemoniteur.fr<\/a><br \/>\n<a title=\"espacodearquitectura.com\" href=\"http:\/\/www.espacodearquitectura.com\/index.php?id=38&amp;cid=128&amp;compid=83\" target=\"_blank\" rel=\"noopener\">www.espacodearquitectura.com<\/a><br \/>\n<a title=\"europaconcorsi.com\" href=\"http:\/\/europaconcorsi.com\/authors\/2144675667-TOPOS-Atelier-de-Arquitectura\" target=\"_blank\" rel=\"noopener\">www.europaconcorsi.com<\/a><br \/>\n<a title=\"urbanizacaodonaantonia.com\" href=\"http:\/\/www.urbanizacaodonaantonia.com\/\" target=\"_blank\" rel=\"noopener\">www.urbanizacaodonaantonia.com<\/a><br \/>\n<a title=\"http:\/\/www.ctchannel.tv\" href=\"http:\/\/ctchannel.tv\/video\/215\" target=\"_blank\" rel=\"noopener\">http:\/\/www.ctchannel.tv<\/a><\/p>\n<p style=\"text-align: center;\"><a title=\"jeanpierreporcher.com\" href=\"http:\/\/www.jeanpierreporcher.com\/\" target=\"_blank\" rel=\"noopener\">www.jeanpierreporcher.com<\/a><br \/>\n<a title=\"barre-lambot.com\" href=\"http:\/\/www.barre-lambot.com\/\" target=\"_blank\" rel=\"noopener\">www.barre-lambot.com<\/a><br \/>\n<a title=\"juanrodriguezphotography.com\" href=\"http:\/\/www.juanrodriguezphotography.com\/\" target=\"_blank\" rel=\"noopener\">www.juanrodriguezphotography.com<\/a><br \/>\n<a title=\"www.dstudio.pt\" href=\"http:\/\/www.dstudio.pt\/\" target=\"_blank\" rel=\"noopener\">www.dstudio.pt<\/a><br \/>\n<a title=\"www.joaomorgado.com\" href=\"https:\/\/www.joaomorgado.com\/\" target=\"_blank\" rel=\"noopener\">www.joaomorgado.com<\/a><\/p>","protected":false},"excerpt":{"rendered":"<p>l&rsquo;equipe Consultation L\u2019Atelier dispose \u00e9galement d\u2019un service de consultation. En fonction de chaque demande nous pouvons \u00e9tablir un devis pour vous conseiller, \u00e9laborer un dessin ou r\u00e9aliser tout autre service dans les domaines de l\u2019architecture. le\u00a0SITE Ce site est actualis\u00e9 p\u00e9riodiquement; il pr\u00e9sente seulement des projets construits, sauf mention et n\u2019illustre qu\u2019une partie de la..<\/p>\n","protected":false},"author":1,"featured_media":0,"parent":0,"menu_order":0,"comment_status":"closed","ping_status":"closed","template":"","meta":[],"_links":{"self":[{"href":"https:\/\/toposatelier.com\/fr\/wp-json\/wp\/v2\/pages\/130"}],"collection":[{"href":"https:\/\/toposatelier.com\/fr\/wp-json\/wp\/v2\/pages"}],"about":[{"href":"https:\/\/toposatelier.com\/fr\/wp-json\/wp\/v2\/types\/page"}],"author":[{"embeddable":true,"href":"https:\/\/toposatelier.com\/fr\/wp-json\/wp\/v2\/users\/1"}],"replies":[{"embeddable":true,"href":"https:\/\/toposatelier.com\/fr\/wp-json\/wp\/v2\/comments?post=130"}],"version-history":[{"count":141,"href":"https:\/\/toposatelier.com\/fr\/wp-json\/wp\/v2\/pages\/130\/revisions"}],"predecessor-version":[{"id":4064,"href":"https:\/\/toposatelier.com\/fr\/wp-json\/wp\/v2\/pages\/130\/revisions\/4064"}],"wp:attachment":[{"href":"https:\/\/toposatelier.com\/fr\/wp-json\/wp\/v2\/media?parent=130"}],"curies":[{"name":"wp","href":"https:\/\/api.w.org\/{rel}","templated":true}]}}