{"id":1553,"date":"2016-06-30T11:21:54","date_gmt":"2016-06-30T11:21:54","guid":{"rendered":"http:\/\/toposatelier.com\/?page_id=1553"},"modified":"2022-11-23T11:38:53","modified_gmt":"2022-11-23T11:38:53","slug":"margarida-oliveira","status":"publish","type":"page","link":"https:\/\/toposatelier.com\/en\/margarida-oliveira\/","title":{"rendered":"Margarida Oliveira"},"content":{"rendered":"<img decoding=\"async\" loading=\"lazy\" class=\"alignnone wp-image-3071 size-full\" src=\"http:\/\/toposatelier.com\/wp-content\/uploads\/2016\/06\/moa-copia-e1477928945284-300x300-1.jpg\" width=\"300\" height=\"300\" srcset=\"https:\/\/toposatelier.com\/wp-content\/uploads\/2016\/06\/moa-copia-e1477928945284-300x300-1.jpg 300w, https:\/\/toposatelier.com\/wp-content\/uploads\/2016\/06\/moa-copia-e1477928945284-300x300-1-100x100.jpg 100w, https:\/\/toposatelier.com\/wp-content\/uploads\/2016\/06\/moa-copia-e1477928945284-300x300-1-150x150.jpg 150w\" sizes=\"(max-width: 300px) 100vw, 300px\" \/><\/p>\n<h4>MARGARIDA OLIVEIRA<\/h4>\n<address>Architect DPLG<\/address>\n<p>Born in 1959 in Braga (Portugal).<br \/>\nMaster of Architecture (accredited by the government) by \u00c9cole d&#8217;Architecture de Nantes, in 83.<br \/>\nCollaborator in Architect Michel Cormier\u2019s atelier from 1981 to1982, between 1983 and 1984 in AIA (Architectes Ing\u00e9nieurs Associ\u00e9s), between 1984 and 1986 in architect Jean Marie L\u00e9pinay\u2019s atelier, in Nantes.<br \/>\nMargarida Oliveira and her husband Jean Pierre Porcher run their own atelier \u201cTopos-Atelier de Arquitectura, Lda.\u201d since 1986.<br \/>\nCorresponding member of the Soci\u00e9t\u00e9 Fran\u00e7aise des Architectes.","protected":false},"excerpt":{"rendered":"<p>MARGARIDA OLIVEIRA Architect DPLG Born in 1959 in Braga (Portugal). Master of Architecture (accredited by the government) by \u00c9cole d&#8217;Architecture de Nantes, in 83. Collaborator in Architect Michel Cormier\u2019s atelier from 1981 to1982, between 1983 and 1984 in AIA (Architectes Ing\u00e9nieurs Associ\u00e9s), between 1984 and 1986 in architect Jean Marie L\u00e9pinay\u2019s atelier, in Nantes. Margarida..<\/p>\n","protected":false},"author":1,"featured_media":0,"parent":0,"menu_order":0,"comment_status":"closed","ping_status":"closed","template":"","meta":[],"_links":{"self":[{"href":"https:\/\/toposatelier.com\/en\/wp-json\/wp\/v2\/pages\/1553"}],"collection":[{"href":"https:\/\/toposatelier.com\/en\/wp-json\/wp\/v2\/pages"}],"about":[{"href":"https:\/\/toposatelier.com\/en\/wp-json\/wp\/v2\/types\/page"}],"author":[{"embeddable":true,"href":"https:\/\/toposatelier.com\/en\/wp-json\/wp\/v2\/users\/1"}],"replies":[{"embeddable":true,"href":"https:\/\/toposatelier.com\/en\/wp-json\/wp\/v2\/comments?post=1553"}],"version-history":[{"count":10,"href":"https:\/\/toposatelier.com\/en\/wp-json\/wp\/v2\/pages\/1553\/revisions"}],"predecessor-version":[{"id":4063,"href":"https:\/\/toposatelier.com\/en\/wp-json\/wp\/v2\/pages\/1553\/revisions\/4063"}],"wp:attachment":[{"href":"https:\/\/toposatelier.com\/en\/wp-json\/wp\/v2\/media?parent=1553"}],"curies":[{"name":"wp","href":"https:\/\/api.w.org\/{rel}","templated":true}]}}